{"id":16867,"date":"2024-04-15T14:59:57","date_gmt":"2024-04-15T12:59:57","guid":{"rendered":"https:\/\/www.aignep.com\/?page_id=16867"},"modified":"2025-07-04T16:10:34","modified_gmt":"2025-07-04T14:10:34","slug":"automatik-kupplungen","status":"publish","type":"page","link":"https:\/\/www.aignep.com\/de\/produkte\/automatik-kupplungen\/","title":{"rendered":"Automatik-kupplungen"},"content":{"rendered":"<p><div class=\"fusion-fullwidth fullwidth-box fusion-builder-row-1 fusion-flex-container nonhundred-percent-fullwidth non-hundred-percent-height-scrolling\" style=\"background-color: #f9f9f9;background-position: center center;background-repeat: no-repeat;border-width: 0px 0px 0px 0px;border-color:var(--awb-color3);border-style:solid;\" ><div class=\"fusion-builder-row fusion-row fusion-flex-align-items-flex-start fusion-flex-justify-content-center\" style=\"max-width:1393.6px;margin-left: calc(-4% \/ 2 );margin-right: calc(-4% \/ 2 );\"><div class=\"fusion-layout-column fusion_builder_column fusion-builder-column-0 fusion_builder_column_3_5 3_5 fusion-flex-column\"><div class=\"fusion-column-wrapper fusion-flex-justify-content-center fusion-content-layout-row fusion-flex-align-items-center\" style=\"background-position:left top;background-repeat:no-repeat;-webkit-background-size:cover;-moz-background-size:cover;-o-background-size:cover;background-size:cover;padding: 0px 0px 0px 0px;\"><style type=\"text\/css\">@media only screen and (max-width:1024px) {.fusion-title.fusion-title-1{margin-top:0px!important; margin-right:0px!important;margin-bottom:0px!important;margin-left:0px!important;}}@media only screen and (max-width:768px) {.fusion-title.fusion-title-1{margin-top:10px!important; margin-right:0px!important;margin-bottom:10px!important; margin-left:0px!important;}}<\/style><div class=\"fusion-title title fusion-title-1 fusion-sep-none fusion-title-center fusion-title-text fusion-title-size-one h1interne\" style=\"font-size:35px;margin-top:0px;margin-right:0px;margin-bottom:0px;margin-left:0px;\"><h1 class=\"title-heading-center fusion-responsive-typography-calculated\" style=\"margin:0;font-size:1em;text-transform:capitalize;--fontSize:35;line-height:var(--awb-typography1-line-height);\">AUTOMATIK-KUPPLUNGEN<\/h1><\/div><\/div><style type=\"text\/css\">.fusion-body .fusion-builder-column-0{width:60% !important;margin-top : 0px;margin-bottom : 0px;}.fusion-builder-column-0 > .fusion-column-wrapper {padding-top : 0px !important;padding-right : 0px !important;margin-right : 3.2%;padding-bottom : 0px !important;padding-left : 0px !important;margin-left : 3.2%;}@media only screen and (max-width:1024px) {.fusion-body .fusion-builder-column-0{width:60% !important;order : 0;}.fusion-builder-column-0 > .fusion-column-wrapper {margin-right : 3.2%;margin-left : 3.2%;}}@media only screen and (max-width:768px) {.fusion-body .fusion-builder-column-0{width:100% !important;order : 0;}.fusion-builder-column-0 > .fusion-column-wrapper {margin-right : 1.92%;margin-left : 1.92%;}}<\/style><\/div><\/div><style type=\"text\/css\">.fusion-body .fusion-flex-container.fusion-builder-row-1{ padding-top : 3%;margin-top : 0px;padding-right : 0px;padding-bottom : 3%;margin-bottom : 0px;padding-left : 0px;}<\/style><\/div><div class=\"fusion-fullwidth fullwidth-box fusion-builder-row-2 fusion-flex-container has-pattern-background has-mask-background nonhundred-percent-fullwidth non-hundred-percent-height-scrolling\" style=\"background-color: var(--awb-color1);background-position: center center;background-repeat: no-repeat;border-width: 0px 0px 0px 0px;border-color:var(--awb-color3);border-style:solid;\" ><div class=\"fusion-builder-row fusion-row fusion-flex-align-items-flex-start\" style=\"max-width:1393.6px;margin-left: calc(-4% \/ 2 );margin-right: calc(-4% \/ 2 );\"><div class=\"fusion-layout-column fusion_builder_column fusion-builder-column-1 fusion_builder_column_1_1 1_1 fusion-flex-column\"><div class=\"fusion-column-wrapper fusion-flex-justify-content-flex-start fusion-content-layout-column\" style=\"background-position:left top;background-repeat:no-repeat;-webkit-background-size:cover;-moz-background-size:cover;-o-background-size:cover;background-size:cover;padding: 0px 0px 0px 0px;\"><div class=\"fusion-text fusion-text-1\" style=\"text-align:center;\"><h2>Maximale Leistung mit Schnellkupplungen und Luftblaspistolen<\/h2>\n<p>Die Schnellkupplungen von Aignep sind die besten L\u00f6sungen f\u00fcr die Bef\u00f6rderung von Fl\u00fcssigkeiten, da sie eine <strong>hervorragende Leistung und Zuverl\u00e4ssigkeit f\u00fcr verschiedene<\/strong> Anwendungen gew\u00e4hrleisten. Im Laufe der Zeit haben wir unseren Katalog um mehrere Typen von Schnellkupplungen erweitert, die mit einfacher oder doppelter Verriegelung und aus vernickeltem Messing oder Edelstahl erh\u00e4ltlich sind, um unseren Kunden L\u00f6sungen zu garantieren, die ihren unterschiedlichen Anforderungen gerecht werden. Alle unsere Produkte sind leicht und kompakt und entsprechen den wichtigsten Referenzstandards.<\/p>\n<\/div><\/div><style type=\"text\/css\">.fusion-body .fusion-builder-column-1{width:100% !important;margin-top : 0px;margin-bottom : 20px;}.fusion-builder-column-1 > .fusion-column-wrapper {padding-top : 0px !important;padding-right : 0px !important;margin-right : 1.92%;padding-bottom : 0px !important;padding-left : 0px !important;margin-left : 1.92%;}@media only screen and (max-width:1024px) {.fusion-body .fusion-builder-column-1{width:100% !important;order : 0;}.fusion-builder-column-1 > .fusion-column-wrapper {margin-right : 1.92%;margin-left : 1.92%;}}@media only screen and (max-width:768px) {.fusion-body .fusion-builder-column-1{width:100% !important;order : 0;}.fusion-builder-column-1 > .fusion-column-wrapper {margin-right : 1.92%;margin-left : 1.92%;}}<\/style><\/div><\/div><style type=\"text\/css\">.fusion-body .fusion-flex-container.fusion-builder-row-2{ padding-top : 0px;margin-top : 2%;padding-right : 0px;padding-bottom : 0px;margin-bottom : 0px;padding-left : 0px;}<\/style><\/div><div class=\"fusion-fullwidth fullwidth-box fusion-builder-row-3 fusion-flex-container has-pattern-background has-mask-background nonhundred-percent-fullwidth non-hundred-percent-height-scrolling\" style=\"background-color: var(--awb-color1);background-position: center center;background-repeat: no-repeat;border-width: 0px 0px 0px 0px;border-color:var(--awb-color3);border-style:solid;\" ><div class=\"fusion-builder-row fusion-row fusion-flex-align-items-flex-start\" style=\"max-width:calc( 1340px + 20px );margin-left: calc(-20px \/ 2 );margin-right: calc(-20px \/ 2 );\"><div class=\"fusion-layout-column fusion_builder_column fusion-builder-column-2 fusion_builder_column_1_4 1_4 fusion-flex-column fusion-flex-align-self-stretch singboxprodcat fusion-column-inner-bg-wrapper\"><div class=\"fusion-column-wrapper fusion-flex-justify-content-flex-start fusion-content-layout-column\" style=\"padding: 0px 0px 0px 0px;\"><div style=\"text-align:center;\"><style>.fusion-imageframe.imageframe-1{ margin-bottom : 10px;}<\/style><span class=\" fusion-imageframe imageframe-none imageframe-1 hover-type-none\"><img width=\"761\" height=\"600\" alt=\"Giunti ad innesto rapido\" title=\"Giunti-ad-Innesto-Rapido\" src=\"https:\/\/www.aignep.com\/wp-content\/uploads\/2024\/04\/Giunti-ad-Innesto-Rapido.webp\" data-orig-src=\"https:\/\/www.aignep.com\/wp-content\/uploads\/2024\/04\/Giunti-ad-Innesto-Rapido.webp\" class=\"lazyload img-responsive wp-image-16885\" srcset=\"data:image\/svg+xml,%3Csvg%20xmlns%3D%27http%3A%2F%2Fwww.w3.org%2F2000%2Fsvg%27%20width%3D%27761%27%20height%3D%27600%27%20viewBox%3D%270%200%20761%20600%27%3E%3Crect%20width%3D%27761%27%20height%3D%27600%27%20fill-opacity%3D%220%22%2F%3E%3C%2Fsvg%3E\" data-srcset=\"https:\/\/www.aignep.com\/wp-content\/uploads\/2024\/04\/Giunti-ad-Innesto-Rapido-200x158.webp 200w, https:\/\/www.aignep.com\/wp-content\/uploads\/2024\/04\/Giunti-ad-Innesto-Rapido-300x237.webp 300w, https:\/\/www.aignep.com\/wp-content\/uploads\/2024\/04\/Giunti-ad-Innesto-Rapido-400x315.webp 400w, https:\/\/www.aignep.com\/wp-content\/uploads\/2024\/04\/Giunti-ad-Innesto-Rapido-600x473.webp 600w, https:\/\/www.aignep.com\/wp-content\/uploads\/2024\/04\/Giunti-ad-Innesto-Rapido.webp 761w\" data-sizes=\"auto\" data-orig-sizes=\"(max-width: 768px) 100vw, 400px\" \/><\/span><\/div><style type=\"text\/css\">@media only screen and (max-width:1024px) {.fusion-title.fusion-title-2{margin-top:0px!important; margin-right:0px!important;margin-bottom:0px!important;margin-left:0px!important;}}@media only screen and (max-width:768px) {.fusion-title.fusion-title-2{margin-top:10px!important; margin-right:0px!important;margin-bottom:10px!important; margin-left:0px!important;}}<\/style><div class=\"fusion-title title fusion-title-2 fusion-sep-none fusion-title-text fusion-title-size-three\" style=\"margin-top:0px;margin-right:0px;margin-bottom:0px;margin-left:0px;\"><h3 class=\"title-heading-left fusion-responsive-typography-calculated\" style=\"margin:0;text-transform:capitalize;--fontSize:22;--minFontSize:22px;line-height:var(--awb-typography1-line-height);\">SCHNELLVERSCHLUSS-KUPPLUNGEN<\/h3><\/div><\/div><span class=\"fusion-column-inner-bg hover-type-none\"><a class=\"fusion-column-anchor\" href=\"https:\/\/b2b.aignep.com\/ger\/Schnellverschluss-Kupplungen\"><span class=\"fusion-column-inner-bg-image\" style=\"background-position:left top;background-repeat:no-repeat;-webkit-background-size:cover;-moz-background-size:cover;-o-background-size:cover;background-size:cover;\"><\/span><\/a><\/span><style type=\"text\/css\">.fusion-body .fusion-builder-column-2{width:25% !important;margin-top : 0px;margin-bottom : 0px;}.fusion-builder-column-2 > .fusion-column-wrapper {padding-top : 0px !important;padding-right : 0px !important;margin-right : 10px;padding-bottom : 0px !important;padding-left : 0px !important;margin-left : 10px;}.fusion-flex-container .fusion-row .fusion-builder-column-2 > .fusion-column-inner-bg { margin-right:10px;margin-left:10px; }@media only screen and (max-width:1024px) {.fusion-body .fusion-builder-column-2{width:25% !important;order : 0;}.fusion-builder-column-2 > .fusion-column-wrapper {margin-right : 10px;margin-left : 10px;}.fusion-flex-container .fusion-row .fusion-builder-column-2 > .fusion-column-inner-bg { margin-right:10px;margin-left:10px; }}@media only screen and (max-width:768px) {.fusion-body .fusion-builder-column-2{width:100% !important;order : 0;}.fusion-builder-column-2 > .fusion-column-wrapper {margin-right : 10px;margin-left : 10px;}.fusion-flex-container .fusion-row .fusion-builder-column-2 > .fusion-column-inner-bg { margin-right:10px;margin-left:10px; }}<\/style><\/div><div class=\"fusion-layout-column fusion_builder_column fusion-builder-column-3 fusion_builder_column_1_4 1_4 fusion-flex-column fusion-flex-align-self-stretch singboxprodcat fusion-column-inner-bg-wrapper\"><div class=\"fusion-column-wrapper fusion-flex-justify-content-flex-start fusion-content-layout-column\" style=\"padding: 0px 0px 0px 0px;\"><div style=\"text-align:center;\"><style>.fusion-imageframe.imageframe-2{ margin-bottom : 10px;}<\/style><span class=\" fusion-imageframe imageframe-none imageframe-2 hover-type-none\"><img width=\"761\" height=\"600\" alt=\"Pistole di soffiaggio\" title=\"Pistole-di-Soffiaggio\" src=\"https:\/\/www.aignep.com\/wp-content\/uploads\/2024\/04\/Pistole-di-Soffiaggio.webp\" data-orig-src=\"https:\/\/www.aignep.com\/wp-content\/uploads\/2024\/04\/Pistole-di-Soffiaggio.webp\" class=\"lazyload img-responsive wp-image-16893\" srcset=\"data:image\/svg+xml,%3Csvg%20xmlns%3D%27http%3A%2F%2Fwww.w3.org%2F2000%2Fsvg%27%20width%3D%27761%27%20height%3D%27600%27%20viewBox%3D%270%200%20761%20600%27%3E%3Crect%20width%3D%27761%27%20height%3D%27600%27%20fill-opacity%3D%220%22%2F%3E%3C%2Fsvg%3E\" data-srcset=\"https:\/\/www.aignep.com\/wp-content\/uploads\/2024\/04\/Pistole-di-Soffiaggio-200x158.webp 200w, https:\/\/www.aignep.com\/wp-content\/uploads\/2024\/04\/Pistole-di-Soffiaggio-300x237.webp 300w, https:\/\/www.aignep.com\/wp-content\/uploads\/2024\/04\/Pistole-di-Soffiaggio-400x315.webp 400w, https:\/\/www.aignep.com\/wp-content\/uploads\/2024\/04\/Pistole-di-Soffiaggio-600x473.webp 600w, https:\/\/www.aignep.com\/wp-content\/uploads\/2024\/04\/Pistole-di-Soffiaggio.webp 761w\" data-sizes=\"auto\" data-orig-sizes=\"(max-width: 768px) 100vw, 400px\" \/><\/span><\/div><style type=\"text\/css\">@media only screen and (max-width:1024px) {.fusion-title.fusion-title-3{margin-top:0px!important; margin-right:0px!important;margin-bottom:0px!important;margin-left:0px!important;}}@media only screen and (max-width:768px) {.fusion-title.fusion-title-3{margin-top:10px!important; margin-right:0px!important;margin-bottom:10px!important; margin-left:0px!important;}}<\/style><div class=\"fusion-title title fusion-title-3 fusion-sep-none fusion-title-text fusion-title-size-three\" style=\"margin-top:0px;margin-right:0px;margin-bottom:0px;margin-left:0px;\"><h3 class=\"title-heading-left fusion-responsive-typography-calculated\" style=\"margin:0;text-transform:capitalize;--fontSize:22;--minFontSize:22px;line-height:var(--awb-typography1-line-height);\">BLASPISTOLEN<\/h3><\/div><\/div><span class=\"fusion-column-inner-bg hover-type-none\"><a class=\"fusion-column-anchor\" href=\"https:\/\/b2b.aignep.com\/ger\/Blaspistolen\"><span class=\"fusion-column-inner-bg-image\" style=\"background-position:left top;background-repeat:no-repeat;-webkit-background-size:cover;-moz-background-size:cover;-o-background-size:cover;background-size:cover;\"><\/span><\/a><\/span><style type=\"text\/css\">.fusion-body .fusion-builder-column-3{width:25% !important;margin-top : 0px;margin-bottom : 0px;}.fusion-builder-column-3 > .fusion-column-wrapper {padding-top : 0px !important;padding-right : 0px !important;margin-right : 10px;padding-bottom : 0px !important;padding-left : 0px !important;margin-left : 10px;}.fusion-flex-container .fusion-row .fusion-builder-column-3 > .fusion-column-inner-bg { margin-right:10px;margin-left:10px; }@media only screen and (max-width:1024px) {.fusion-body .fusion-builder-column-3{width:25% !important;order : 0;}.fusion-builder-column-3 > .fusion-column-wrapper {margin-right : 10px;margin-left : 10px;}.fusion-flex-container .fusion-row .fusion-builder-column-3 > .fusion-column-inner-bg { margin-right:10px;margin-left:10px; }}@media only screen and (max-width:768px) {.fusion-body .fusion-builder-column-3{width:100% !important;order : 0;}.fusion-builder-column-3 > .fusion-column-wrapper {margin-right : 10px;margin-left : 10px;}.fusion-flex-container .fusion-row .fusion-builder-column-3 > .fusion-column-inner-bg { margin-right:10px;margin-left:10px; }}<\/style><\/div><\/div><style type=\"text\/css\">.fusion-body .fusion-flex-container.fusion-builder-row-3{ padding-top : 2%;margin-top : 0px;padding-right : 0px;padding-bottom : 2%;margin-bottom : 0px;padding-left : 0px;}<\/style><\/div><\/p>\n","protected":false},"excerpt":{"rendered":"","protected":false},"author":2,"featured_media":0,"parent":3166,"menu_order":0,"comment_status":"closed","ping_status":"closed","template":"100-width.php","meta":{"_expiration-date-status":"","_expiration-date":0,"_expiration-date-type":"","_expiration-date-categories":[],"_expiration-date-options":[]},"yoast_head":"<!-- This site is optimized with the Yoast SEO plugin v19.11 - https:\/\/yoast.com\/wordpress\/plugins\/seo\/ -->\n<title>Automatik-Kupplungen | Aignep Spa<\/title>\n<meta name=\"description\" content=\"Seit 1976 stellt Aignep Schnellkupplungen und Blaspistolen aus vernickeltem Messing oder Edelstahl f\u00fcr die F\u00f6rderung von Fl\u00fcssigkeiten her.\" \/>\n<meta name=\"robots\" content=\"index, follow, max-snippet:-1, max-image-preview:large, max-video-preview:-1\" \/>\n<link rel=\"canonical\" href=\"https:\/\/www.aignep.com\/de\/produkte\/automatik-kupplungen\/\" \/>\n<meta property=\"og:locale\" content=\"de_DE\" \/>\n<meta property=\"og:type\" content=\"article\" \/>\n<meta property=\"og:title\" content=\"Automatik-Kupplungen | Aignep Spa\" \/>\n<meta property=\"og:description\" content=\"Seit 1976 stellt Aignep Schnellkupplungen und Blaspistolen aus vernickeltem Messing oder Edelstahl f\u00fcr die F\u00f6rderung von Fl\u00fcssigkeiten her.\" \/>\n<meta property=\"og:url\" content=\"https:\/\/www.aignep.com\/de\/produkte\/automatik-kupplungen\/\" \/>\n<meta property=\"og:site_name\" content=\"Aignep S.p.A.\" \/>\n<meta property=\"article:modified_time\" content=\"2025-07-04T14:10:34+00:00\" \/>\n<meta name=\"twitter:card\" content=\"summary_large_image\" \/>\n<meta name=\"twitter:label1\" content=\"Gesch\u00e4tzte Lesezeit\" \/>\n\t<meta name=\"twitter:data1\" content=\"8 Minuten\" \/>\n<script type=\"application\/ld+json\" class=\"yoast-schema-graph\">{\"@context\":\"https:\/\/schema.org\",\"@graph\":[{\"@type\":\"WebPage\",\"@id\":\"https:\/\/www.aignep.com\/de\/produkte\/automatik-kupplungen\/\",\"url\":\"https:\/\/www.aignep.com\/de\/produkte\/automatik-kupplungen\/\",\"name\":\"Automatik-Kupplungen | Aignep Spa\",\"isPartOf\":{\"@id\":\"https:\/\/www.aignep.com\/de\/#website\"},\"datePublished\":\"2024-04-15T12:59:57+00:00\",\"dateModified\":\"2025-07-04T14:10:34+00:00\",\"description\":\"Seit 1976 stellt Aignep Schnellkupplungen und Blaspistolen aus vernickeltem Messing oder Edelstahl f\u00fcr die F\u00f6rderung von Fl\u00fcssigkeiten her.\",\"breadcrumb\":{\"@id\":\"https:\/\/www.aignep.com\/de\/produkte\/automatik-kupplungen\/#breadcrumb\"},\"inLanguage\":\"de-DE\",\"potentialAction\":[{\"@type\":\"ReadAction\",\"target\":[\"https:\/\/www.aignep.com\/de\/produkte\/automatik-kupplungen\/\"]}]},{\"@type\":\"BreadcrumbList\",\"@id\":\"https:\/\/www.aignep.com\/de\/produkte\/automatik-kupplungen\/#breadcrumb\",\"itemListElement\":[{\"@type\":\"ListItem\",\"position\":1,\"name\":\"Home\",\"item\":\"https:\/\/www.aignep.com\/de\/\"},{\"@type\":\"ListItem\",\"position\":2,\"name\":\"Produkte\",\"item\":\"https:\/\/www.aignep.com\/de\/produkte\/\"},{\"@type\":\"ListItem\",\"position\":3,\"name\":\"Automatik-kupplungen\"}]},{\"@type\":\"WebSite\",\"@id\":\"https:\/\/www.aignep.com\/de\/#website\",\"url\":\"https:\/\/www.aignep.com\/de\/\",\"name\":\"Aignep S.p.A.\",\"description\":\"Herstellung von Fluid- und Druckluftkomponenten\",\"potentialAction\":[{\"@type\":\"SearchAction\",\"target\":{\"@type\":\"EntryPoint\",\"urlTemplate\":\"https:\/\/www.aignep.com\/de\/?s={search_term_string}\"},\"query-input\":\"required name=search_term_string\"}],\"inLanguage\":\"de-DE\"}]}<\/script>\n<!-- \/ Yoast SEO plugin. -->","yoast_head_json":{"title":"Automatik-Kupplungen | Aignep Spa","description":"Seit 1976 stellt Aignep Schnellkupplungen und Blaspistolen aus vernickeltem Messing oder Edelstahl f\u00fcr die F\u00f6rderung von Fl\u00fcssigkeiten her.","robots":{"index":"index","follow":"follow","max-snippet":"max-snippet:-1","max-image-preview":"max-image-preview:large","max-video-preview":"max-video-preview:-1"},"canonical":"https:\/\/www.aignep.com\/de\/produkte\/automatik-kupplungen\/","og_locale":"de_DE","og_type":"article","og_title":"Automatik-Kupplungen | Aignep Spa","og_description":"Seit 1976 stellt Aignep Schnellkupplungen und Blaspistolen aus vernickeltem Messing oder Edelstahl f\u00fcr die F\u00f6rderung von Fl\u00fcssigkeiten her.","og_url":"https:\/\/www.aignep.com\/de\/produkte\/automatik-kupplungen\/","og_site_name":"Aignep S.p.A.","article_modified_time":"2025-07-04T14:10:34+00:00","twitter_card":"summary_large_image","twitter_misc":{"Gesch\u00e4tzte Lesezeit":"8 Minuten"},"schema":{"@context":"https:\/\/schema.org","@graph":[{"@type":"WebPage","@id":"https:\/\/www.aignep.com\/de\/produkte\/automatik-kupplungen\/","url":"https:\/\/www.aignep.com\/de\/produkte\/automatik-kupplungen\/","name":"Automatik-Kupplungen | Aignep Spa","isPartOf":{"@id":"https:\/\/www.aignep.com\/de\/#website"},"datePublished":"2024-04-15T12:59:57+00:00","dateModified":"2025-07-04T14:10:34+00:00","description":"Seit 1976 stellt Aignep Schnellkupplungen und Blaspistolen aus vernickeltem Messing oder Edelstahl f\u00fcr die F\u00f6rderung von Fl\u00fcssigkeiten her.","breadcrumb":{"@id":"https:\/\/www.aignep.com\/de\/produkte\/automatik-kupplungen\/#breadcrumb"},"inLanguage":"de-DE","potentialAction":[{"@type":"ReadAction","target":["https:\/\/www.aignep.com\/de\/produkte\/automatik-kupplungen\/"]}]},{"@type":"BreadcrumbList","@id":"https:\/\/www.aignep.com\/de\/produkte\/automatik-kupplungen\/#breadcrumb","itemListElement":[{"@type":"ListItem","position":1,"name":"Home","item":"https:\/\/www.aignep.com\/de\/"},{"@type":"ListItem","position":2,"name":"Produkte","item":"https:\/\/www.aignep.com\/de\/produkte\/"},{"@type":"ListItem","position":3,"name":"Automatik-kupplungen"}]},{"@type":"WebSite","@id":"https:\/\/www.aignep.com\/de\/#website","url":"https:\/\/www.aignep.com\/de\/","name":"Aignep S.p.A.","description":"Herstellung von Fluid- und Druckluftkomponenten","potentialAction":[{"@type":"SearchAction","target":{"@type":"EntryPoint","urlTemplate":"https:\/\/www.aignep.com\/de\/?s={search_term_string}"},"query-input":"required name=search_term_string"}],"inLanguage":"de-DE"}]}},"_links":{"self":[{"href":"https:\/\/www.aignep.com\/de\/wp-json\/wp\/v2\/pages\/16867"}],"collection":[{"href":"https:\/\/www.aignep.com\/de\/wp-json\/wp\/v2\/pages"}],"about":[{"href":"https:\/\/www.aignep.com\/de\/wp-json\/wp\/v2\/types\/page"}],"author":[{"embeddable":true,"href":"https:\/\/www.aignep.com\/de\/wp-json\/wp\/v2\/users\/2"}],"replies":[{"embeddable":true,"href":"https:\/\/www.aignep.com\/de\/wp-json\/wp\/v2\/comments?post=16867"}],"version-history":[{"count":4,"href":"https:\/\/www.aignep.com\/de\/wp-json\/wp\/v2\/pages\/16867\/revisions"}],"predecessor-version":[{"id":23925,"href":"https:\/\/www.aignep.com\/de\/wp-json\/wp\/v2\/pages\/16867\/revisions\/23925"}],"up":[{"embeddable":true,"href":"https:\/\/www.aignep.com\/de\/wp-json\/wp\/v2\/pages\/3166"}],"wp:attachment":[{"href":"https:\/\/www.aignep.com\/de\/wp-json\/wp\/v2\/media?parent=16867"}],"curies":[{"name":"wp","href":"https:\/\/api.w.org\/{rel}","templated":true}]}}