{"id":17398,"date":"2024-05-21T11:28:19","date_gmt":"2024-05-21T09:28:19","guid":{"rendered":"https:\/\/www.aignep.com\/?page_id=17398"},"modified":"2025-06-07T13:30:37","modified_gmt":"2025-06-07T11:30:37","slug":"magnetventile-von-fluessigen","status":"publish","type":"page","link":"https:\/\/www.aignep.com\/de\/produkte\/magnetventile-von-fluessigen\/","title":{"rendered":"FLUIDITY"},"content":{"rendered":"<p><div class=\"fusion-fullwidth fullwidth-box fusion-builder-row-1 fusion-flex-container nonhundred-percent-fullwidth non-hundred-percent-height-scrolling\" style=\"background-color: #f9f9f9;background-position: center center;background-repeat: no-repeat;border-width: 0px 0px 0px 0px;border-color:var(--awb-color3);border-style:solid;\" ><div class=\"fusion-builder-row fusion-row fusion-flex-align-items-flex-start fusion-flex-justify-content-center\" style=\"max-width:1393.6px;margin-left: calc(-4% \/ 2 );margin-right: calc(-4% \/ 2 );\"><div class=\"fusion-layout-column fusion_builder_column fusion-builder-column-0 fusion_builder_column_3_5 3_5 fusion-flex-column\"><div class=\"fusion-column-wrapper fusion-flex-justify-content-center fusion-content-layout-row fusion-flex-align-items-center\" style=\"background-position:left top;background-repeat:no-repeat;-webkit-background-size:cover;-moz-background-size:cover;-o-background-size:cover;background-size:cover;padding: 0px 0px 0px 0px;\"><div style=\"text-align:center;\"><style>.fusion-imageframe.imageframe-1{ margin-bottom : 15px;}<\/style><span class=\" fusion-imageframe imageframe-none imageframe-1 hover-type-none\"><img width=\"323\" height=\"116\" alt=\"Fluidity\" title=\"logo-fluidity\" src=\"https:\/\/www.aignep.com\/wp-content\/uploads\/2024\/05\/logo-fluidity.webp\" data-orig-src=\"https:\/\/www.aignep.com\/wp-content\/uploads\/2024\/05\/logo-fluidity.webp\" class=\"lazyload img-responsive wp-image-17416\" srcset=\"data:image\/svg+xml,%3Csvg%20xmlns%3D%27http%3A%2F%2Fwww.w3.org%2F2000%2Fsvg%27%20width%3D%27323%27%20height%3D%27116%27%20viewBox%3D%270%200%20323%20116%27%3E%3Crect%20width%3D%27323%27%20height%3D%27116%27%20fill-opacity%3D%220%22%2F%3E%3C%2Fsvg%3E\" data-srcset=\"https:\/\/www.aignep.com\/wp-content\/uploads\/2024\/05\/logo-fluidity-200x72.webp 200w, https:\/\/www.aignep.com\/wp-content\/uploads\/2024\/05\/logo-fluidity-300x108.webp 300w, https:\/\/www.aignep.com\/wp-content\/uploads\/2024\/05\/logo-fluidity-320x116.webp 320w, https:\/\/www.aignep.com\/wp-content\/uploads\/2024\/05\/logo-fluidity.webp 323w\" data-sizes=\"auto\" data-orig-sizes=\"(max-width: 768px) 100vw, 323px\" \/><\/span><\/div><style type=\"text\/css\">@media only screen and (max-width:1024px) {.fusion-title.fusion-title-1{margin-top:0px!important; margin-right:0px!important;margin-bottom:0px!important;margin-left:0px!important;}}@media only screen and (max-width:768px) {.fusion-title.fusion-title-1{margin-top:10px!important; margin-right:0px!important;margin-bottom:10px!important; margin-left:0px!important;}}<\/style><div class=\"fusion-title title fusion-title-1 fusion-sep-none fusion-title-center fusion-title-text fusion-title-size-one h1interne\" style=\"font-size:35px;margin-top:0px;margin-right:0px;margin-bottom:0px;margin-left:0px;\"><h1 class=\"title-heading-center fusion-responsive-typography-calculated\" style=\"margin:0;font-size:1em;text-transform:capitalize;--fontSize:35;line-height:var(--awb-typography1-line-height);\">ELEKTROVENTILE F\u00dcR FL\u00dcSSIGKEITEN &#8222;FLUIDITY&#8220;<\/h1><\/div><\/div><style type=\"text\/css\">.fusion-body .fusion-builder-column-0{width:60% !important;margin-top : 0px;margin-bottom : 0px;}.fusion-builder-column-0 > .fusion-column-wrapper {padding-top : 0px !important;padding-right : 0px !important;margin-right : 3.2%;padding-bottom : 0px !important;padding-left : 0px !important;margin-left : 3.2%;}@media only screen and (max-width:1024px) {.fusion-body .fusion-builder-column-0{width:60% !important;order : 0;}.fusion-builder-column-0 > .fusion-column-wrapper {margin-right : 3.2%;margin-left : 3.2%;}}@media only screen and (max-width:768px) {.fusion-body .fusion-builder-column-0{width:100% !important;order : 0;}.fusion-builder-column-0 > .fusion-column-wrapper {margin-right : 1.92%;margin-left : 1.92%;}}<\/style><\/div><\/div><style type=\"text\/css\">.fusion-body .fusion-flex-container.fusion-builder-row-1{ padding-top : 3%;margin-top : 0px;padding-right : 0px;padding-bottom : 3%;margin-bottom : 0px;padding-left : 0px;}<\/style><\/div><div class=\"fusion-fullwidth fullwidth-box fusion-builder-row-2 fusion-flex-container has-pattern-background has-mask-background nonhundred-percent-fullwidth non-hundred-percent-height-scrolling\" style=\"background-color: var(--awb-color1);background-position: center center;background-repeat: no-repeat;border-width: 0px 0px 0px 0px;border-color:var(--awb-color3);border-style:solid;\" ><div class=\"fusion-builder-row fusion-row fusion-flex-align-items-flex-start\" style=\"max-width:1393.6px;margin-left: calc(-4% \/ 2 );margin-right: calc(-4% \/ 2 );\"><div class=\"fusion-layout-column fusion_builder_column fusion-builder-column-1 fusion_builder_column_1_1 1_1 fusion-flex-column\"><div class=\"fusion-column-wrapper fusion-flex-justify-content-flex-start fusion-content-layout-column\" style=\"background-position:left top;background-repeat:no-repeat;-webkit-background-size:cover;-moz-background-size:cover;-o-background-size:cover;background-size:cover;padding: 0px 0px 0px 0px;\"><div class=\"fusion-text fusion-text-1 fusion-text-no-margin\" style=\"text-align:center;margin-bottom:2%;\"><h2> Magnetventile f\u00fcr die Verteilung von fl\u00fcssigen und gasf\u00f6rmigen Medien<\/h2>\n<p>Die von Aignep f\u00fcr die Steuerung von fl\u00fcssigen und gasf\u00f6rmigen Medien entwickelte und hergestellte Produktlinie FLUIDITY besteht aus einer breiten Palette von Magnetventilen f\u00fcr Fl\u00fcssigkeiten Made in Italy mit einem klaren, robusten und kompakten Design. Unsere Fluidventile sind mit Messing- oder Edelstahlgeh\u00e4use erh\u00e4ltlich und garantieren hohe Leistungen, bieten minimale und maximale Druckdifferenzen und k\u00f6nnen mit mehreren von uns hergestellten Anschlusstypen kombiniert werden. Die Spulen werden unter dem Gesichtspunkt der Energieeinsparung und in \u00dcbereinstimmung mit den internationalen Normen ausgew\u00e4hlt.<\/p>\n<\/div><div style=\"text-align:center;\"><style>.fusion-body .fusion-button.button-1 .fusion-button-text{color:var(--awb-color1);text-transform:none;}.fusion-body .fusion-button.button-1{border-color:rgba(255,255,255,0);border-radius:0 0 0 0;background:var(--awb-color6);font-size:var(--awb-typography3-font-size);line-height:var(--awb-typography3-line-height);padding-top:15px;padding-right:25px;padding-bottom:15px;padding-left:25px;letter-spacing:var(--awb-typography3-letter-spacing);font-family:\"Open Sans\";font-weight:400;}.fusion-body .fusion-button.button-1 i,.fusion-body .fusion-button.button-1:hover .fusion-button-text,.fusion-body .fusion-button.button-1:hover i,.fusion-body .fusion-button.button-1:focus .fusion-button-text,.fusion-body .fusion-button.button-1:focus i,.fusion-body .fusion-button.button-1:active .fusion-button-text,.fusion-body .fusion-button.button-1:active i{color:var(--awb-color1);}.fusion-body .fusion-button.button-1:hover,.fusion-body .fusion-button.button-1:active,.fusion-body .fusion-button.button-1:focus{border-color:rgba(255,255,255,0);background:var(--awb-color5);}<\/style><a class=\"fusion-button button-flat fusion-button-default-size button-custom button-1 fusion-button-default-span fusion-button-default-type\" target=\"_self\" href=\"https:\/\/b2b.aignep.com\/ger\/elektroventile-fur-flussigkeiten-fluidity\"><span class=\"fusion-button-text\">ZUM KATALOG<\/span><\/a><\/div><\/div><style type=\"text\/css\">.fusion-body .fusion-builder-column-1{width:100% !important;margin-top : 0px;margin-bottom : 20px;}.fusion-builder-column-1 > .fusion-column-wrapper {padding-top : 0px !important;padding-right : 0px !important;margin-right : 1.92%;padding-bottom : 0px !important;padding-left : 0px !important;margin-left : 1.92%;}@media only screen and (max-width:1024px) {.fusion-body .fusion-builder-column-1{width:100% !important;order : 0;}.fusion-builder-column-1 > .fusion-column-wrapper {margin-right : 1.92%;margin-left : 1.92%;}}@media only screen and (max-width:768px) {.fusion-body .fusion-builder-column-1{width:100% !important;order : 0;}.fusion-builder-column-1 > .fusion-column-wrapper {margin-right : 1.92%;margin-left : 1.92%;}}<\/style><\/div><\/div><style type=\"text\/css\">.fusion-body .fusion-flex-container.fusion-builder-row-2{ padding-top : 0px;margin-top : 2%;padding-right : 0px;padding-bottom : 0px;margin-bottom : 6%;padding-left : 0px;}<\/style><\/div><\/p>\n","protected":false},"excerpt":{"rendered":"","protected":false},"author":2,"featured_media":0,"parent":3166,"menu_order":0,"comment_status":"closed","ping_status":"closed","template":"100-width.php","meta":{"_expiration-date-status":"","_expiration-date":0,"_expiration-date-type":"","_expiration-date-categories":[],"_expiration-date-options":[]},"yoast_head":"<!-- This site is optimized with the Yoast SEO plugin v19.11 - https:\/\/yoast.com\/wordpress\/plugins\/seo\/ -->\n<title>Magnetventile von fl\u00fcssigen | Aignep Spa<\/title>\n<meta name=\"description\" content=\"Die Spulen werden unter dem Gesichtspunkt der Energieeinsparung und in \u00dcbereinstimmung mit den internationalen Normen ausgew\u00e4hlt.\" \/>\n<meta name=\"robots\" content=\"index, follow, max-snippet:-1, max-image-preview:large, max-video-preview:-1\" \/>\n<link rel=\"canonical\" href=\"https:\/\/www.aignep.com\/de\/produkte\/magnetventile-von-fluessigen\/\" \/>\n<meta property=\"og:locale\" content=\"de_DE\" \/>\n<meta property=\"og:type\" content=\"article\" \/>\n<meta property=\"og:title\" content=\"Magnetventile von fl\u00fcssigen | Aignep Spa\" \/>\n<meta property=\"og:description\" content=\"Die Spulen werden unter dem Gesichtspunkt der Energieeinsparung und in \u00dcbereinstimmung mit den internationalen Normen ausgew\u00e4hlt.\" \/>\n<meta property=\"og:url\" content=\"https:\/\/www.aignep.com\/de\/produkte\/magnetventile-von-fluessigen\/\" \/>\n<meta property=\"og:site_name\" content=\"Aignep S.p.A.\" \/>\n<meta property=\"article:modified_time\" content=\"2025-06-07T11:30:37+00:00\" \/>\n<meta name=\"twitter:card\" content=\"summary_large_image\" \/>\n<meta name=\"twitter:label1\" content=\"Gesch\u00e4tzte Lesezeit\" \/>\n\t<meta name=\"twitter:data1\" content=\"5 Minuten\" \/>\n<script type=\"application\/ld+json\" class=\"yoast-schema-graph\">{\"@context\":\"https:\/\/schema.org\",\"@graph\":[{\"@type\":\"WebPage\",\"@id\":\"https:\/\/www.aignep.com\/de\/produkte\/magnetventile-von-fluessigen\/\",\"url\":\"https:\/\/www.aignep.com\/de\/produkte\/magnetventile-von-fluessigen\/\",\"name\":\"Magnetventile von fl\u00fcssigen | Aignep Spa\",\"isPartOf\":{\"@id\":\"https:\/\/www.aignep.com\/de\/#website\"},\"datePublished\":\"2024-05-21T09:28:19+00:00\",\"dateModified\":\"2025-06-07T11:30:37+00:00\",\"description\":\"Die Spulen werden unter dem Gesichtspunkt der Energieeinsparung und in \u00dcbereinstimmung mit den internationalen Normen ausgew\u00e4hlt.\",\"breadcrumb\":{\"@id\":\"https:\/\/www.aignep.com\/de\/produkte\/magnetventile-von-fluessigen\/#breadcrumb\"},\"inLanguage\":\"de-DE\",\"potentialAction\":[{\"@type\":\"ReadAction\",\"target\":[\"https:\/\/www.aignep.com\/de\/produkte\/magnetventile-von-fluessigen\/\"]}]},{\"@type\":\"BreadcrumbList\",\"@id\":\"https:\/\/www.aignep.com\/de\/produkte\/magnetventile-von-fluessigen\/#breadcrumb\",\"itemListElement\":[{\"@type\":\"ListItem\",\"position\":1,\"name\":\"Home\",\"item\":\"https:\/\/www.aignep.com\/de\/\"},{\"@type\":\"ListItem\",\"position\":2,\"name\":\"Produkte\",\"item\":\"https:\/\/www.aignep.com\/de\/produkte\/\"},{\"@type\":\"ListItem\",\"position\":3,\"name\":\"FLUIDITY\"}]},{\"@type\":\"WebSite\",\"@id\":\"https:\/\/www.aignep.com\/de\/#website\",\"url\":\"https:\/\/www.aignep.com\/de\/\",\"name\":\"Aignep S.p.A.\",\"description\":\"Herstellung von Fluid- und Druckluftkomponenten\",\"potentialAction\":[{\"@type\":\"SearchAction\",\"target\":{\"@type\":\"EntryPoint\",\"urlTemplate\":\"https:\/\/www.aignep.com\/de\/?s={search_term_string}\"},\"query-input\":\"required name=search_term_string\"}],\"inLanguage\":\"de-DE\"}]}<\/script>\n<!-- \/ Yoast SEO plugin. -->","yoast_head_json":{"title":"Magnetventile von fl\u00fcssigen | Aignep Spa","description":"Die Spulen werden unter dem Gesichtspunkt der Energieeinsparung und in \u00dcbereinstimmung mit den internationalen Normen ausgew\u00e4hlt.","robots":{"index":"index","follow":"follow","max-snippet":"max-snippet:-1","max-image-preview":"max-image-preview:large","max-video-preview":"max-video-preview:-1"},"canonical":"https:\/\/www.aignep.com\/de\/produkte\/magnetventile-von-fluessigen\/","og_locale":"de_DE","og_type":"article","og_title":"Magnetventile von fl\u00fcssigen | Aignep Spa","og_description":"Die Spulen werden unter dem Gesichtspunkt der Energieeinsparung und in \u00dcbereinstimmung mit den internationalen Normen ausgew\u00e4hlt.","og_url":"https:\/\/www.aignep.com\/de\/produkte\/magnetventile-von-fluessigen\/","og_site_name":"Aignep S.p.A.","article_modified_time":"2025-06-07T11:30:37+00:00","twitter_card":"summary_large_image","twitter_misc":{"Gesch\u00e4tzte Lesezeit":"5 Minuten"},"schema":{"@context":"https:\/\/schema.org","@graph":[{"@type":"WebPage","@id":"https:\/\/www.aignep.com\/de\/produkte\/magnetventile-von-fluessigen\/","url":"https:\/\/www.aignep.com\/de\/produkte\/magnetventile-von-fluessigen\/","name":"Magnetventile von fl\u00fcssigen | Aignep Spa","isPartOf":{"@id":"https:\/\/www.aignep.com\/de\/#website"},"datePublished":"2024-05-21T09:28:19+00:00","dateModified":"2025-06-07T11:30:37+00:00","description":"Die Spulen werden unter dem Gesichtspunkt der Energieeinsparung und in \u00dcbereinstimmung mit den internationalen Normen ausgew\u00e4hlt.","breadcrumb":{"@id":"https:\/\/www.aignep.com\/de\/produkte\/magnetventile-von-fluessigen\/#breadcrumb"},"inLanguage":"de-DE","potentialAction":[{"@type":"ReadAction","target":["https:\/\/www.aignep.com\/de\/produkte\/magnetventile-von-fluessigen\/"]}]},{"@type":"BreadcrumbList","@id":"https:\/\/www.aignep.com\/de\/produkte\/magnetventile-von-fluessigen\/#breadcrumb","itemListElement":[{"@type":"ListItem","position":1,"name":"Home","item":"https:\/\/www.aignep.com\/de\/"},{"@type":"ListItem","position":2,"name":"Produkte","item":"https:\/\/www.aignep.com\/de\/produkte\/"},{"@type":"ListItem","position":3,"name":"FLUIDITY"}]},{"@type":"WebSite","@id":"https:\/\/www.aignep.com\/de\/#website","url":"https:\/\/www.aignep.com\/de\/","name":"Aignep S.p.A.","description":"Herstellung von Fluid- und Druckluftkomponenten","potentialAction":[{"@type":"SearchAction","target":{"@type":"EntryPoint","urlTemplate":"https:\/\/www.aignep.com\/de\/?s={search_term_string}"},"query-input":"required name=search_term_string"}],"inLanguage":"de-DE"}]}},"_links":{"self":[{"href":"https:\/\/www.aignep.com\/de\/wp-json\/wp\/v2\/pages\/17398"}],"collection":[{"href":"https:\/\/www.aignep.com\/de\/wp-json\/wp\/v2\/pages"}],"about":[{"href":"https:\/\/www.aignep.com\/de\/wp-json\/wp\/v2\/types\/page"}],"author":[{"embeddable":true,"href":"https:\/\/www.aignep.com\/de\/wp-json\/wp\/v2\/users\/2"}],"replies":[{"embeddable":true,"href":"https:\/\/www.aignep.com\/de\/wp-json\/wp\/v2\/comments?post=17398"}],"version-history":[{"count":5,"href":"https:\/\/www.aignep.com\/de\/wp-json\/wp\/v2\/pages\/17398\/revisions"}],"predecessor-version":[{"id":22930,"href":"https:\/\/www.aignep.com\/de\/wp-json\/wp\/v2\/pages\/17398\/revisions\/22930"}],"up":[{"embeddable":true,"href":"https:\/\/www.aignep.com\/de\/wp-json\/wp\/v2\/pages\/3166"}],"wp:attachment":[{"href":"https:\/\/www.aignep.com\/de\/wp-json\/wp\/v2\/media?parent=17398"}],"curies":[{"name":"wp","href":"https:\/\/api.w.org\/{rel}","templated":true}]}}