{"id":4381,"date":"2022-06-03T15:14:51","date_gmt":"2022-06-03T13:14:51","guid":{"rendered":"https:\/\/aignep.kinsta.cloud\/?page_id=4381"},"modified":"2022-11-18T11:51:17","modified_gmt":"2022-11-18T10:51:17","slug":"legal-merkmal","status":"publish","type":"page","link":"https:\/\/www.aignep.com\/de\/legal-merkmal\/","title":{"rendered":"Legal merkmal"},"content":{"rendered":"<p><div class=\"fusion-fullwidth fullwidth-box fusion-builder-row-1 fusion-flex-container nonhundred-percent-fullwidth non-hundred-percent-height-scrolling\" style=\"background-color: #f9f9f9;background-position: center center;background-repeat: no-repeat;border-width: 0px 0px 0px 0px;border-color:var(--awb-color3);border-style:solid;\" ><div class=\"fusion-builder-row fusion-row fusion-flex-align-items-flex-start fusion-flex-justify-content-center\" style=\"max-width:1393.6px;margin-left: calc(-4% \/ 2 );margin-right: calc(-4% \/ 2 );\"><div class=\"fusion-layout-column fusion_builder_column fusion-builder-column-0 fusion_builder_column_3_5 3_5 fusion-flex-column\"><div class=\"fusion-column-wrapper fusion-flex-justify-content-center fusion-content-layout-column\" style=\"background-position:left top;background-repeat:no-repeat;-webkit-background-size:cover;-moz-background-size:cover;-o-background-size:cover;background-size:cover;padding: 0px 0px 0px 0px;\"><style type=\"text\/css\">@media only screen and (max-width:1024px) {.fusion-title.fusion-title-1{margin-top:0px!important; margin-right:0px!important;margin-bottom:0px!important;margin-left:0px!important;}}@media only screen and (max-width:768px) {.fusion-title.fusion-title-1{margin-top:10px!important; margin-right:0px!important;margin-bottom:10px!important; margin-left:0px!important;}}<\/style><div class=\"fusion-title title fusion-title-1 fusion-sep-none fusion-title-center fusion-title-text fusion-title-size-one h1interne\" style=\"font-size:35px;margin-top:0px;margin-right:0px;margin-bottom:0px;margin-left:0px;\"><h1 class=\"title-heading-center fusion-responsive-typography-calculated\" style=\"margin:0;font-size:1em;text-transform:capitalize;--fontSize:35;line-height:var(--awb-typography1-line-height);\">LEGAL MERKMAL<\/h1><\/div><\/div><style type=\"text\/css\">.fusion-body .fusion-builder-column-0{width:60% !important;margin-top : 0px;margin-bottom : 0px;}.fusion-builder-column-0 > .fusion-column-wrapper {padding-top : 0px !important;padding-right : 0px !important;margin-right : 3.2%;padding-bottom : 0px !important;padding-left : 0px !important;margin-left : 3.2%;}@media only screen and (max-width:1024px) {.fusion-body .fusion-builder-column-0{width:60% !important;order : 0;}.fusion-builder-column-0 > .fusion-column-wrapper {margin-right : 3.2%;margin-left : 3.2%;}}@media only screen and (max-width:768px) {.fusion-body .fusion-builder-column-0{width:100% !important;order : 0;}.fusion-builder-column-0 > .fusion-column-wrapper {margin-right : 1.92%;margin-left : 1.92%;}}<\/style><\/div><\/div><style type=\"text\/css\">.fusion-body .fusion-flex-container.fusion-builder-row-1{ padding-top : 3%;margin-top : 0px;padding-right : 0px;padding-bottom : 3%;margin-bottom : 0px;padding-left : 0px;}<\/style><\/div><div class=\"fusion-fullwidth fullwidth-box fusion-builder-row-2 fusion-flex-container nonhundred-percent-fullwidth non-hundred-percent-height-scrolling\" style=\"background-color: var(--awb-color1);background-position: center center;background-repeat: no-repeat;border-width: 0px 0px 0px 0px;border-color:var(--awb-color3);border-style:solid;\" ><div class=\"fusion-builder-row fusion-row fusion-flex-align-items-flex-start fusion-flex-justify-content-center\" style=\"max-width:1393.6px;margin-left: calc(-4% \/ 2 );margin-right: calc(-4% \/ 2 );\"><div class=\"fusion-layout-column fusion_builder_column fusion-builder-column-1 fusion_builder_column_1_1 1_1 fusion-flex-column fusion-flex-align-self-center\"><div class=\"fusion-column-wrapper fusion-flex-justify-content-center fusion-content-layout-column\" style=\"background-position:left top;background-repeat:no-repeat;-webkit-background-size:cover;-moz-background-size:cover;-o-background-size:cover;background-size:cover;padding: 0px 0px 0px 0px;\"><div class=\"fusion-text fusion-text-1\" style=\"text-transform:none;\"><h2><strong>Aignep S.p.A.<\/strong><\/h2>\n<p>Rechtlicher Sitz: Via Don G. Bazzoli n\u00b0 34 &#8211; 25070 BIONE (BS);<\/p>\n<p>Handelsregister: Brescia Nummer 00808880173;<\/p>\n<p>Voll eingezahlte Grundkapital gezahlt: \u20ac 3.500.000,00.<\/p>\n<h2><strong>Bedingungen<\/strong><\/h2>\n<p>Die nachfolgenden Bedingungen beziehen sich auf die italienische Internetseite www.aignep.it. Durch den Zugang und das Surfen auf diesen Seiten werden auch automatisch diese Bedingungen akzeptiert.<\/p>\n<p>Der Inhalt dieser Internetseiten ist urheberrechtlich gesch\u00fctzt und er darf in keiner Weise reproduziert oder f\u00fcr andere Zwecke ohne die vorhergehende ausdr\u00fcckliche schriftliche Genehmigung seitens Aignep S.p.A verwendet werden.<\/p>\n<p>Der in den Internetseiten angezeigte Text kann f\u00fcr pers\u00f6nliche und nicht kommerzielle Zwecke ausgedruckt oder heruntergeladen werden, einschlie\u00dflich aber nicht einschr\u00e4nkend der Struktur, der Stile und der Programmcodes.<\/p>\n<p>Aignep S.p.A. lehnt jede Haftung f\u00fcr eventuell in den Internetseiten www.aignep.it. Vorhandenen Fehlern oder M\u00e4ngel ab. Das Design, die Spezifikationen sowie die Preise k\u00f6nnen jederzeit, ohne die Pflicht einer Vorank\u00fcndigung, ge\u00e4ndert werden.<\/p>\n<\/div><\/div><style type=\"text\/css\">.fusion-body .fusion-builder-column-1{width:100% !important;margin-top : 0px;margin-bottom : 20px;}.fusion-builder-column-1 > .fusion-column-wrapper {padding-top : 0px !important;padding-right : 0px !important;margin-right : 1.92%;padding-bottom : 0px !important;padding-left : 0px !important;margin-left : 1.92%;}@media only screen and (max-width:1024px) {.fusion-body .fusion-builder-column-1{width:100% !important;order : 0;}.fusion-builder-column-1 > .fusion-column-wrapper {margin-right : 1.92%;margin-left : 1.92%;}}@media only screen and (max-width:768px) {.fusion-body .fusion-builder-column-1{width:100% !important;order : 0;}.fusion-builder-column-1 > .fusion-column-wrapper {margin-right : 1.92%;margin-left : 1.92%;}}<\/style><\/div><\/div><style type=\"text\/css\">.fusion-body .fusion-flex-container.fusion-builder-row-2{ padding-top : 0px;margin-top : 2%;padding-right : 0px;padding-bottom : 0px;margin-bottom : 0px;padding-left : 0px;}<\/style><\/div><\/p>\n","protected":false},"excerpt":{"rendered":"","protected":false},"author":2,"featured_media":0,"parent":0,"menu_order":0,"comment_status":"closed","ping_status":"closed","template":"100-width.php","meta":{"_expiration-date-status":"","_expiration-date":0,"_expiration-date-type":"","_expiration-date-categories":[],"_expiration-date-options":[]},"yoast_head":"<!-- This site is optimized with the Yoast SEO plugin v19.11 - https:\/\/yoast.com\/wordpress\/plugins\/seo\/ -->\n<title>Legal merkmal - Aignep S.p.A.<\/title>\n<meta name=\"robots\" content=\"index, follow, max-snippet:-1, max-image-preview:large, max-video-preview:-1\" \/>\n<link rel=\"canonical\" href=\"https:\/\/www.aignep.com\/de\/legal-merkmal\/\" \/>\n<meta property=\"og:locale\" content=\"de_DE\" \/>\n<meta property=\"og:type\" content=\"article\" \/>\n<meta property=\"og:title\" content=\"Legal merkmal - Aignep S.p.A.\" \/>\n<meta property=\"og:url\" content=\"https:\/\/www.aignep.com\/de\/legal-merkmal\/\" \/>\n<meta property=\"og:site_name\" content=\"Aignep S.p.A.\" \/>\n<meta property=\"article:modified_time\" content=\"2022-11-18T10:51:17+00:00\" \/>\n<meta name=\"twitter:card\" content=\"summary_large_image\" \/>\n<meta name=\"twitter:label1\" content=\"Gesch\u00e4tzte Lesezeit\" \/>\n\t<meta name=\"twitter:data1\" content=\"4 Minuten\" \/>\n<script type=\"application\/ld+json\" class=\"yoast-schema-graph\">{\"@context\":\"https:\/\/schema.org\",\"@graph\":[{\"@type\":\"WebPage\",\"@id\":\"https:\/\/www.aignep.com\/de\/legal-merkmal\/\",\"url\":\"https:\/\/www.aignep.com\/de\/legal-merkmal\/\",\"name\":\"Legal merkmal - Aignep S.p.A.\",\"isPartOf\":{\"@id\":\"https:\/\/www.aignep.com\/de\/#website\"},\"datePublished\":\"2022-06-03T13:14:51+00:00\",\"dateModified\":\"2022-11-18T10:51:17+00:00\",\"breadcrumb\":{\"@id\":\"https:\/\/www.aignep.com\/de\/legal-merkmal\/#breadcrumb\"},\"inLanguage\":\"de-DE\",\"potentialAction\":[{\"@type\":\"ReadAction\",\"target\":[\"https:\/\/www.aignep.com\/de\/legal-merkmal\/\"]}]},{\"@type\":\"BreadcrumbList\",\"@id\":\"https:\/\/www.aignep.com\/de\/legal-merkmal\/#breadcrumb\",\"itemListElement\":[{\"@type\":\"ListItem\",\"position\":1,\"name\":\"Home\",\"item\":\"https:\/\/www.aignep.com\/de\/\"},{\"@type\":\"ListItem\",\"position\":2,\"name\":\"Legal merkmal\"}]},{\"@type\":\"WebSite\",\"@id\":\"https:\/\/www.aignep.com\/de\/#website\",\"url\":\"https:\/\/www.aignep.com\/de\/\",\"name\":\"Aignep S.p.A.\",\"description\":\"Herstellung von Fluid- und Druckluftkomponenten\",\"potentialAction\":[{\"@type\":\"SearchAction\",\"target\":{\"@type\":\"EntryPoint\",\"urlTemplate\":\"https:\/\/www.aignep.com\/de\/?s={search_term_string}\"},\"query-input\":\"required name=search_term_string\"}],\"inLanguage\":\"de-DE\"}]}<\/script>\n<!-- \/ Yoast SEO plugin. -->","yoast_head_json":{"title":"Legal merkmal - Aignep S.p.A.","robots":{"index":"index","follow":"follow","max-snippet":"max-snippet:-1","max-image-preview":"max-image-preview:large","max-video-preview":"max-video-preview:-1"},"canonical":"https:\/\/www.aignep.com\/de\/legal-merkmal\/","og_locale":"de_DE","og_type":"article","og_title":"Legal merkmal - Aignep S.p.A.","og_url":"https:\/\/www.aignep.com\/de\/legal-merkmal\/","og_site_name":"Aignep S.p.A.","article_modified_time":"2022-11-18T10:51:17+00:00","twitter_card":"summary_large_image","twitter_misc":{"Gesch\u00e4tzte Lesezeit":"4 Minuten"},"schema":{"@context":"https:\/\/schema.org","@graph":[{"@type":"WebPage","@id":"https:\/\/www.aignep.com\/de\/legal-merkmal\/","url":"https:\/\/www.aignep.com\/de\/legal-merkmal\/","name":"Legal merkmal - Aignep S.p.A.","isPartOf":{"@id":"https:\/\/www.aignep.com\/de\/#website"},"datePublished":"2022-06-03T13:14:51+00:00","dateModified":"2022-11-18T10:51:17+00:00","breadcrumb":{"@id":"https:\/\/www.aignep.com\/de\/legal-merkmal\/#breadcrumb"},"inLanguage":"de-DE","potentialAction":[{"@type":"ReadAction","target":["https:\/\/www.aignep.com\/de\/legal-merkmal\/"]}]},{"@type":"BreadcrumbList","@id":"https:\/\/www.aignep.com\/de\/legal-merkmal\/#breadcrumb","itemListElement":[{"@type":"ListItem","position":1,"name":"Home","item":"https:\/\/www.aignep.com\/de\/"},{"@type":"ListItem","position":2,"name":"Legal merkmal"}]},{"@type":"WebSite","@id":"https:\/\/www.aignep.com\/de\/#website","url":"https:\/\/www.aignep.com\/de\/","name":"Aignep S.p.A.","description":"Herstellung von Fluid- und Druckluftkomponenten","potentialAction":[{"@type":"SearchAction","target":{"@type":"EntryPoint","urlTemplate":"https:\/\/www.aignep.com\/de\/?s={search_term_string}"},"query-input":"required name=search_term_string"}],"inLanguage":"de-DE"}]}},"_links":{"self":[{"href":"https:\/\/www.aignep.com\/de\/wp-json\/wp\/v2\/pages\/4381"}],"collection":[{"href":"https:\/\/www.aignep.com\/de\/wp-json\/wp\/v2\/pages"}],"about":[{"href":"https:\/\/www.aignep.com\/de\/wp-json\/wp\/v2\/types\/page"}],"author":[{"embeddable":true,"href":"https:\/\/www.aignep.com\/de\/wp-json\/wp\/v2\/users\/2"}],"replies":[{"embeddable":true,"href":"https:\/\/www.aignep.com\/de\/wp-json\/wp\/v2\/comments?post=4381"}],"version-history":[{"count":3,"href":"https:\/\/www.aignep.com\/de\/wp-json\/wp\/v2\/pages\/4381\/revisions"}],"predecessor-version":[{"id":7654,"href":"https:\/\/www.aignep.com\/de\/wp-json\/wp\/v2\/pages\/4381\/revisions\/7654"}],"wp:attachment":[{"href":"https:\/\/www.aignep.com\/de\/wp-json\/wp\/v2\/media?parent=4381"}],"curies":[{"name":"wp","href":"https:\/\/api.w.org\/{rel}","templated":true}]}}