{"id":17400,"date":"2024-05-21T11:28:19","date_gmt":"2024-05-21T09:28:19","guid":{"rendered":"https:\/\/www.aignep.com\/?page_id=17400"},"modified":"2025-06-07T13:30:18","modified_gmt":"2025-06-07T11:30:18","slug":"electrovalvulas-para-distribucion-de-fluidos","status":"publish","type":"page","link":"https:\/\/www.aignep.com\/es\/productos\/electrovalvulas-para-distribucion-de-fluidos\/","title":{"rendered":"FLUIDITY"},"content":{"rendered":"<p><div class=\"fusion-fullwidth fullwidth-box fusion-builder-row-1 fusion-flex-container nonhundred-percent-fullwidth non-hundred-percent-height-scrolling\" style=\"background-color: #f9f9f9;background-position: center center;background-repeat: no-repeat;border-width: 0px 0px 0px 0px;border-color:var(--awb-color3);border-style:solid;\" ><div class=\"fusion-builder-row fusion-row fusion-flex-align-items-flex-start fusion-flex-justify-content-center\" style=\"max-width:1393.6px;margin-left: calc(-4% \/ 2 );margin-right: calc(-4% \/ 2 );\"><div class=\"fusion-layout-column fusion_builder_column fusion-builder-column-0 fusion_builder_column_3_5 3_5 fusion-flex-column\"><div class=\"fusion-column-wrapper fusion-flex-justify-content-center fusion-content-layout-row fusion-flex-align-items-center\" style=\"background-position:left top;background-repeat:no-repeat;-webkit-background-size:cover;-moz-background-size:cover;-o-background-size:cover;background-size:cover;padding: 0px 0px 0px 0px;\"><div style=\"text-align:center;\"><style>.fusion-imageframe.imageframe-1{ margin-bottom : 15px;}<\/style><span class=\" fusion-imageframe imageframe-none imageframe-1 hover-type-none\"><img width=\"323\" height=\"116\" alt=\"Fluidity\" src=\"https:\/\/www.aignep.com\/wp-content\/uploads\/2024\/05\/logo-fluidity.webp\" data-orig-src=\"https:\/\/www.aignep.com\/wp-content\/uploads\/2024\/05\/logo-fluidity.webp\" class=\"lazyload img-responsive wp-image-17419\" srcset=\"data:image\/svg+xml,%3Csvg%20xmlns%3D%27http%3A%2F%2Fwww.w3.org%2F2000%2Fsvg%27%20width%3D%27323%27%20height%3D%27116%27%20viewBox%3D%270%200%20323%20116%27%3E%3Crect%20width%3D%27323%27%20height%3D%27116%27%20fill-opacity%3D%220%22%2F%3E%3C%2Fsvg%3E\" data-srcset=\"https:\/\/www.aignep.com\/wp-content\/uploads\/2024\/05\/logo-fluidity-200x72.webp 200w, https:\/\/www.aignep.com\/wp-content\/uploads\/2024\/05\/logo-fluidity-300x108.webp 300w, https:\/\/www.aignep.com\/wp-content\/uploads\/2024\/05\/logo-fluidity-320x116.webp 320w, https:\/\/www.aignep.com\/wp-content\/uploads\/2024\/05\/logo-fluidity.webp 323w\" data-sizes=\"auto\" data-orig-sizes=\"(max-width: 768px) 100vw, 323px\" \/><\/span><\/div><style type=\"text\/css\">@media only screen and (max-width:1024px) {.fusion-title.fusion-title-1{margin-top:0px!important; margin-right:0px!important;margin-bottom:0px!important;margin-left:0px!important;}}@media only screen and (max-width:768px) {.fusion-title.fusion-title-1{margin-top:10px!important; margin-right:0px!important;margin-bottom:10px!important; margin-left:0px!important;}}<\/style><div class=\"fusion-title title fusion-title-1 fusion-sep-none fusion-title-center fusion-title-text fusion-title-size-one h1interne\" style=\"font-size:35px;margin-top:0px;margin-right:0px;margin-bottom:0px;margin-left:0px;\"><h1 class=\"title-heading-center fusion-responsive-typography-calculated\" style=\"margin:0;font-size:1em;text-transform:capitalize;--fontSize:35;line-height:var(--awb-typography1-line-height);\">ELECTROV\u00c1LVULAS PARA FLUIDOS \u00abFLUIDITY\u00bb<\/h1><\/div><\/div><style type=\"text\/css\">.fusion-body .fusion-builder-column-0{width:60% !important;margin-top : 0px;margin-bottom : 0px;}.fusion-builder-column-0 > .fusion-column-wrapper {padding-top : 0px !important;padding-right : 0px !important;margin-right : 3.2%;padding-bottom : 0px !important;padding-left : 0px !important;margin-left : 3.2%;}@media only screen and (max-width:1024px) {.fusion-body .fusion-builder-column-0{width:60% !important;order : 0;}.fusion-builder-column-0 > .fusion-column-wrapper {margin-right : 3.2%;margin-left : 3.2%;}}@media only screen and (max-width:768px) {.fusion-body .fusion-builder-column-0{width:100% !important;order : 0;}.fusion-builder-column-0 > .fusion-column-wrapper {margin-right : 1.92%;margin-left : 1.92%;}}<\/style><\/div><\/div><style type=\"text\/css\">.fusion-body .fusion-flex-container.fusion-builder-row-1{ padding-top : 3%;margin-top : 0px;padding-right : 0px;padding-bottom : 3%;margin-bottom : 0px;padding-left : 0px;}<\/style><\/div><div class=\"fusion-fullwidth fullwidth-box fusion-builder-row-2 fusion-flex-container has-pattern-background has-mask-background nonhundred-percent-fullwidth non-hundred-percent-height-scrolling\" style=\"background-color: var(--awb-color1);background-position: center center;background-repeat: no-repeat;border-width: 0px 0px 0px 0px;border-color:var(--awb-color3);border-style:solid;\" ><div class=\"fusion-builder-row fusion-row fusion-flex-align-items-flex-start\" style=\"max-width:1393.6px;margin-left: calc(-4% \/ 2 );margin-right: calc(-4% \/ 2 );\"><div class=\"fusion-layout-column fusion_builder_column fusion-builder-column-1 fusion_builder_column_1_1 1_1 fusion-flex-column\"><div class=\"fusion-column-wrapper fusion-flex-justify-content-flex-start fusion-content-layout-column\" style=\"background-position:left top;background-repeat:no-repeat;-webkit-background-size:cover;-moz-background-size:cover;-o-background-size:cover;background-size:cover;padding: 0px 0px 0px 0px;\"><div class=\"fusion-text fusion-text-1 fusion-text-no-margin\" style=\"text-align:center;margin-bottom:2%;\"><h2> Electrov\u00e1lvulas para distribuci\u00f3n de fluidos l\u00edquidos y gaseosos<\/h2>\n<p>Dise\u00f1ada y producida por Aignep para el control de fluidos l\u00edquidos y gaseosos, la l\u00ednea FLUIDITY consta de una amplia gama de v\u00e1lvulas solenoides hechas en Italia, para fluidos con un dise\u00f1o limpio, robusto y compacto. Disponibles con cuerpos de lat\u00f3n o acero inoxidable, nuestras v\u00e1lvulas de fluido garantizan un alto rendimiento, ofrecen diferenciales de presi\u00f3n m\u00ednima y m\u00e1xima, y se pueden combinar con m\u00faltiples tipos de conectores que fabricamos. Las bobinas se eligen en funci\u00f3n del ahorro de energ\u00eda y de acuerdo con las normas internacionales.<\/p>\n<\/div><div style=\"text-align:center;\"><style>.fusion-body .fusion-button.button-1 .fusion-button-text{color:var(--awb-color1);text-transform:none;}.fusion-body .fusion-button.button-1{border-color:rgba(255,255,255,0);border-radius:0 0 0 0;background:var(--awb-color6);font-size:var(--awb-typography3-font-size);line-height:var(--awb-typography3-line-height);padding-top:15px;padding-right:25px;padding-bottom:15px;padding-left:25px;letter-spacing:var(--awb-typography3-letter-spacing);font-family:\"Open Sans\";font-weight:400;}.fusion-body .fusion-button.button-1 i,.fusion-body .fusion-button.button-1:hover .fusion-button-text,.fusion-body .fusion-button.button-1:hover i,.fusion-body .fusion-button.button-1:focus .fusion-button-text,.fusion-body .fusion-button.button-1:focus i,.fusion-body .fusion-button.button-1:active .fusion-button-text,.fusion-body .fusion-button.button-1:active i{color:var(--awb-color1);}.fusion-body .fusion-button.button-1:hover,.fusion-body .fusion-button.button-1:active,.fusion-body .fusion-button.button-1:focus{border-color:rgba(255,255,255,0);background:var(--awb-color5);}<\/style><a class=\"fusion-button button-flat fusion-button-default-size button-custom button-1 fusion-button-default-span fusion-button-default-type\" target=\"_self\" href=\"https:\/\/b2b.aignep.com\/esl\/electrovalvulas-para-fluidos-fluidity\"><span class=\"fusion-button-text\">IR AL CAT\u00c1LOGO<\/span><\/a><\/div><\/div><style type=\"text\/css\">.fusion-body .fusion-builder-column-1{width:100% !important;margin-top : 0px;margin-bottom : 20px;}.fusion-builder-column-1 > .fusion-column-wrapper {padding-top : 0px !important;padding-right : 0px !important;margin-right : 1.92%;padding-bottom : 0px !important;padding-left : 0px !important;margin-left : 1.92%;}@media only screen and (max-width:1024px) {.fusion-body .fusion-builder-column-1{width:100% !important;order : 0;}.fusion-builder-column-1 > .fusion-column-wrapper {margin-right : 1.92%;margin-left : 1.92%;}}@media only screen and (max-width:768px) {.fusion-body .fusion-builder-column-1{width:100% !important;order : 0;}.fusion-builder-column-1 > .fusion-column-wrapper {margin-right : 1.92%;margin-left : 1.92%;}}<\/style><\/div><\/div><style type=\"text\/css\">.fusion-body .fusion-flex-container.fusion-builder-row-2{ padding-top : 0px;margin-top : 2%;padding-right : 0px;padding-bottom : 0px;margin-bottom : 6%;padding-left : 0px;}<\/style><\/div><\/p>\n","protected":false},"excerpt":{"rendered":"","protected":false},"author":2,"featured_media":0,"parent":3169,"menu_order":0,"comment_status":"closed","ping_status":"closed","template":"100-width.php","meta":{"_expiration-date-status":"","_expiration-date":0,"_expiration-date-type":"","_expiration-date-categories":[],"_expiration-date-options":[]},"yoast_head":"<!-- This site is optimized with the Yoast SEO plugin v19.11 - https:\/\/yoast.com\/wordpress\/plugins\/seo\/ -->\n<title>Electrov\u00e1lvulas para distribuci\u00f3n de fluidos | Aignep Spa<\/title>\n<meta name=\"description\" content=\"Las bobinas se eligen en funci\u00f3n del ahorro de energ\u00eda y de acuerdo con las normas internacionales.\" \/>\n<meta name=\"robots\" content=\"index, follow, max-snippet:-1, max-image-preview:large, max-video-preview:-1\" \/>\n<link rel=\"canonical\" href=\"https:\/\/www.aignep.com\/es\/productos\/electrovalvulas-para-distribucion-de-fluidos\/\" \/>\n<meta property=\"og:locale\" content=\"es_ES\" \/>\n<meta property=\"og:type\" content=\"article\" \/>\n<meta property=\"og:title\" content=\"Electrov\u00e1lvulas para distribuci\u00f3n de fluidos | Aignep Spa\" \/>\n<meta property=\"og:description\" content=\"Las bobinas se eligen en funci\u00f3n del ahorro de energ\u00eda y de acuerdo con las normas internacionales.\" \/>\n<meta property=\"og:url\" content=\"https:\/\/www.aignep.com\/es\/productos\/electrovalvulas-para-distribucion-de-fluidos\/\" \/>\n<meta property=\"og:site_name\" content=\"Aignep S.p.A.\" \/>\n<meta property=\"article:modified_time\" content=\"2025-06-07T11:30:18+00:00\" \/>\n<meta name=\"twitter:card\" content=\"summary_large_image\" \/>\n<meta name=\"twitter:label1\" content=\"Tiempo de lectura\" \/>\n\t<meta name=\"twitter:data1\" content=\"5 minutos\" \/>\n<script type=\"application\/ld+json\" class=\"yoast-schema-graph\">{\"@context\":\"https:\/\/schema.org\",\"@graph\":[{\"@type\":\"WebPage\",\"@id\":\"https:\/\/www.aignep.com\/es\/productos\/electrovalvulas-para-distribucion-de-fluidos\/\",\"url\":\"https:\/\/www.aignep.com\/es\/productos\/electrovalvulas-para-distribucion-de-fluidos\/\",\"name\":\"Electrov\u00e1lvulas para distribuci\u00f3n de fluidos | Aignep Spa\",\"isPartOf\":{\"@id\":\"https:\/\/www.aignep.com\/es\/#website\"},\"datePublished\":\"2024-05-21T09:28:19+00:00\",\"dateModified\":\"2025-06-07T11:30:18+00:00\",\"description\":\"Las bobinas se eligen en funci\u00f3n del ahorro de energ\u00eda y de acuerdo con las normas internacionales.\",\"breadcrumb\":{\"@id\":\"https:\/\/www.aignep.com\/es\/productos\/electrovalvulas-para-distribucion-de-fluidos\/#breadcrumb\"},\"inLanguage\":\"es\",\"potentialAction\":[{\"@type\":\"ReadAction\",\"target\":[\"https:\/\/www.aignep.com\/es\/productos\/electrovalvulas-para-distribucion-de-fluidos\/\"]}]},{\"@type\":\"BreadcrumbList\",\"@id\":\"https:\/\/www.aignep.com\/es\/productos\/electrovalvulas-para-distribucion-de-fluidos\/#breadcrumb\",\"itemListElement\":[{\"@type\":\"ListItem\",\"position\":1,\"name\":\"Home\",\"item\":\"https:\/\/www.aignep.com\/es\/\"},{\"@type\":\"ListItem\",\"position\":2,\"name\":\"Productos\",\"item\":\"https:\/\/www.aignep.com\/es\/productos\/\"},{\"@type\":\"ListItem\",\"position\":3,\"name\":\"FLUIDITY\"}]},{\"@type\":\"WebSite\",\"@id\":\"https:\/\/www.aignep.com\/es\/#website\",\"url\":\"https:\/\/www.aignep.com\/es\/\",\"name\":\"Aignep S.p.A.\",\"description\":\"Produ\u00e7\u00e3o de componentes de fluidos e ar comprimido\",\"potentialAction\":[{\"@type\":\"SearchAction\",\"target\":{\"@type\":\"EntryPoint\",\"urlTemplate\":\"https:\/\/www.aignep.com\/es\/?s={search_term_string}\"},\"query-input\":\"required name=search_term_string\"}],\"inLanguage\":\"es\"}]}<\/script>\n<!-- \/ Yoast SEO plugin. -->","yoast_head_json":{"title":"Electrov\u00e1lvulas para distribuci\u00f3n de fluidos | Aignep Spa","description":"Las bobinas se eligen en funci\u00f3n del ahorro de energ\u00eda y de acuerdo con las normas internacionales.","robots":{"index":"index","follow":"follow","max-snippet":"max-snippet:-1","max-image-preview":"max-image-preview:large","max-video-preview":"max-video-preview:-1"},"canonical":"https:\/\/www.aignep.com\/es\/productos\/electrovalvulas-para-distribucion-de-fluidos\/","og_locale":"es_ES","og_type":"article","og_title":"Electrov\u00e1lvulas para distribuci\u00f3n de fluidos | Aignep Spa","og_description":"Las bobinas se eligen en funci\u00f3n del ahorro de energ\u00eda y de acuerdo con las normas internacionales.","og_url":"https:\/\/www.aignep.com\/es\/productos\/electrovalvulas-para-distribucion-de-fluidos\/","og_site_name":"Aignep S.p.A.","article_modified_time":"2025-06-07T11:30:18+00:00","twitter_card":"summary_large_image","twitter_misc":{"Tiempo de lectura":"5 minutos"},"schema":{"@context":"https:\/\/schema.org","@graph":[{"@type":"WebPage","@id":"https:\/\/www.aignep.com\/es\/productos\/electrovalvulas-para-distribucion-de-fluidos\/","url":"https:\/\/www.aignep.com\/es\/productos\/electrovalvulas-para-distribucion-de-fluidos\/","name":"Electrov\u00e1lvulas para distribuci\u00f3n de fluidos | Aignep Spa","isPartOf":{"@id":"https:\/\/www.aignep.com\/es\/#website"},"datePublished":"2024-05-21T09:28:19+00:00","dateModified":"2025-06-07T11:30:18+00:00","description":"Las bobinas se eligen en funci\u00f3n del ahorro de energ\u00eda y de acuerdo con las normas internacionales.","breadcrumb":{"@id":"https:\/\/www.aignep.com\/es\/productos\/electrovalvulas-para-distribucion-de-fluidos\/#breadcrumb"},"inLanguage":"es","potentialAction":[{"@type":"ReadAction","target":["https:\/\/www.aignep.com\/es\/productos\/electrovalvulas-para-distribucion-de-fluidos\/"]}]},{"@type":"BreadcrumbList","@id":"https:\/\/www.aignep.com\/es\/productos\/electrovalvulas-para-distribucion-de-fluidos\/#breadcrumb","itemListElement":[{"@type":"ListItem","position":1,"name":"Home","item":"https:\/\/www.aignep.com\/es\/"},{"@type":"ListItem","position":2,"name":"Productos","item":"https:\/\/www.aignep.com\/es\/productos\/"},{"@type":"ListItem","position":3,"name":"FLUIDITY"}]},{"@type":"WebSite","@id":"https:\/\/www.aignep.com\/es\/#website","url":"https:\/\/www.aignep.com\/es\/","name":"Aignep S.p.A.","description":"Produ\u00e7\u00e3o de componentes de fluidos e ar comprimido","potentialAction":[{"@type":"SearchAction","target":{"@type":"EntryPoint","urlTemplate":"https:\/\/www.aignep.com\/es\/?s={search_term_string}"},"query-input":"required name=search_term_string"}],"inLanguage":"es"}]}},"_links":{"self":[{"href":"https:\/\/www.aignep.com\/es\/wp-json\/wp\/v2\/pages\/17400"}],"collection":[{"href":"https:\/\/www.aignep.com\/es\/wp-json\/wp\/v2\/pages"}],"about":[{"href":"https:\/\/www.aignep.com\/es\/wp-json\/wp\/v2\/types\/page"}],"author":[{"embeddable":true,"href":"https:\/\/www.aignep.com\/es\/wp-json\/wp\/v2\/users\/2"}],"replies":[{"embeddable":true,"href":"https:\/\/www.aignep.com\/es\/wp-json\/wp\/v2\/comments?post=17400"}],"version-history":[{"count":5,"href":"https:\/\/www.aignep.com\/es\/wp-json\/wp\/v2\/pages\/17400\/revisions"}],"predecessor-version":[{"id":22928,"href":"https:\/\/www.aignep.com\/es\/wp-json\/wp\/v2\/pages\/17400\/revisions\/22928"}],"up":[{"embeddable":true,"href":"https:\/\/www.aignep.com\/es\/wp-json\/wp\/v2\/pages\/3169"}],"wp:attachment":[{"href":"https:\/\/www.aignep.com\/es\/wp-json\/wp\/v2\/media?parent=17400"}],"curies":[{"name":"wp","href":"https:\/\/api.w.org\/{rel}","templated":true}]}}