{"id":4370,"date":"2022-06-03T15:12:33","date_gmt":"2022-06-03T13:12:33","guid":{"rendered":"https:\/\/aignep.kinsta.cloud\/?page_id=4370"},"modified":"2022-11-18T15:15:01","modified_gmt":"2022-11-18T14:15:01","slug":"privacy","status":"publish","type":"page","link":"https:\/\/www.aignep.com\/es\/privacy\/","title":{"rendered":"Privacy policy"},"content":{"rendered":"<p><div class=\"fusion-fullwidth fullwidth-box fusion-builder-row-1 fusion-flex-container nonhundred-percent-fullwidth non-hundred-percent-height-scrolling\" style=\"background-color: #f9f9f9;background-position: center center;background-repeat: no-repeat;border-width: 0px 0px 0px 0px;border-color:var(--awb-color3);border-style:solid;\" ><div class=\"fusion-builder-row fusion-row fusion-flex-align-items-flex-start fusion-flex-justify-content-center\" style=\"max-width:1393.6px;margin-left: calc(-4% \/ 2 );margin-right: calc(-4% \/ 2 );\"><div class=\"fusion-layout-column fusion_builder_column fusion-builder-column-0 fusion_builder_column_3_5 3_5 fusion-flex-column\"><div class=\"fusion-column-wrapper fusion-flex-justify-content-center fusion-content-layout-column\" style=\"background-position:left top;background-repeat:no-repeat;-webkit-background-size:cover;-moz-background-size:cover;-o-background-size:cover;background-size:cover;padding: 0px 0px 0px 0px;\"><style type=\"text\/css\">@media only screen and (max-width:1024px) {.fusion-title.fusion-title-1{margin-top:0px!important; margin-right:0px!important;margin-bottom:0px!important;margin-left:0px!important;}}@media only screen and (max-width:768px) {.fusion-title.fusion-title-1{margin-top:10px!important; margin-right:0px!important;margin-bottom:10px!important; margin-left:0px!important;}}<\/style><div class=\"fusion-title title fusion-title-1 fusion-sep-none fusion-title-center fusion-title-text fusion-title-size-one h1interne\" style=\"font-size:35px;margin-top:0px;margin-right:0px;margin-bottom:0px;margin-left:0px;\"><h1 class=\"title-heading-center fusion-responsive-typography-calculated\" style=\"margin:0;font-size:1em;text-transform:capitalize;--fontSize:35;line-height:var(--awb-typography1-line-height);\">PRIVACY POLICY<\/h1><\/div><\/div><style type=\"text\/css\">.fusion-body .fusion-builder-column-0{width:60% !important;margin-top : 0px;margin-bottom : 0px;}.fusion-builder-column-0 > .fusion-column-wrapper {padding-top : 0px !important;padding-right : 0px !important;margin-right : 3.2%;padding-bottom : 0px !important;padding-left : 0px !important;margin-left : 3.2%;}@media only screen and (max-width:1024px) {.fusion-body .fusion-builder-column-0{width:60% !important;order : 0;}.fusion-builder-column-0 > .fusion-column-wrapper {margin-right : 3.2%;margin-left : 3.2%;}}@media only screen and (max-width:768px) {.fusion-body .fusion-builder-column-0{width:100% !important;order : 0;}.fusion-builder-column-0 > .fusion-column-wrapper {margin-right : 1.92%;margin-left : 1.92%;}}<\/style><\/div><\/div><style type=\"text\/css\">.fusion-body .fusion-flex-container.fusion-builder-row-1{ padding-top : 3%;margin-top : 0px;padding-right : 0px;padding-bottom : 3%;margin-bottom : 0px;padding-left : 0px;}<\/style><\/div><div class=\"fusion-fullwidth fullwidth-box fusion-builder-row-2 fusion-flex-container nonhundred-percent-fullwidth non-hundred-percent-height-scrolling\" style=\"background-color: var(--awb-color1);background-position: center center;background-repeat: no-repeat;border-width: 0px 0px 0px 0px;border-color:var(--awb-color3);border-style:solid;\" ><div class=\"fusion-builder-row fusion-row fusion-flex-align-items-flex-start fusion-flex-justify-content-center\" style=\"max-width:1393.6px;margin-left: calc(-4% \/ 2 );margin-right: calc(-4% \/ 2 );\"><div class=\"fusion-layout-column fusion_builder_column fusion-builder-column-1 fusion_builder_column_1_1 1_1 fusion-flex-column fusion-flex-align-self-center\"><div class=\"fusion-column-wrapper fusion-flex-justify-content-center fusion-content-layout-column\" style=\"background-position:left top;background-repeat:no-repeat;-webkit-background-size:cover;-moz-background-size:cover;-o-background-size:cover;background-size:cover;padding: 0px 0px 0px 0px;\"><div class=\"fusion-text fusion-text-1\" style=\"text-transform:none;\"><p>Informaci\u00f3n y consenso al uso de los datos personales de acuerdo con el Art. 6.1a del Reglamento (UE) 2016\/679<\/p>\n<p>En cumplimiento con las obligaciones previstas en el Reglamento (UE) 2016\/ en materia de uso de los datos personales (cd. C\u00f3digo de la Privacidad) en vigor desde el 25 de mayo de 2018, con la presente deseamos informarle que la empresa <strong>AIGNEP S.p.A.<\/strong> con sede <strong>Via Don G. Bazzoli, 34 &#8211; 25070 Bione &#8211; BS <\/strong>utilizar\u00e1\u00a0 sus datos personales (que Usted nos ha comunicado) en el respeto de las normas vigentes y a las siguientes condiciones.<\/p>\n<h2>Finalidad del tratamiento<\/h2>\n<p>El tratamiento de los datos personales persigue exclusivamente la siguiente finalidad:<\/p>\n<ol>\n<li>a) Como exigencia prelimanar para estipular un contrato de venta, para hacer ejecutivo el mismo y tutelar las posiciones que de el deriven;<\/li>\n<li>b) Para cumplir con cualquier tipo de obligaci\u00f3n previstos en leyes o reglamentos vigentes, en particular modo en materia fiscal;<\/li>\n<li>c) Por exigencias de tipo operativo, de gesti\u00f3n o contable;<\/li>\n<li>d) Para la registraci\u00f3n de accesos a la p\u00e1gina web de la Sociedad y la utilizaci\u00f3n de los servicio prestados en dicha p\u00e1gina web;<\/li>\n<li>e) Para monitorar el estado de las relaciones con los clientes o eventuales dificultades que sirvan a mejorar tales relaciones;<\/li>\n<li>f) Para finalidad comerciales o de marketing strat\u00e9gico y operativo.<\/li>\n<\/ol>\n<h2>Modalidad de manejo<\/h2>\n<p>El tratamiento de los datos podr\u00e1 consistir, as\u00ed como en su recogida, en su registro, organizaci\u00f3n, estructuraci\u00f3n, preservaci\u00f3n, adaptaci\u00f3n, modificaci\u00f3n, extracci\u00f3n, consulta, uso, comunicaci\u00f3n por transmisi\u00f3n, difusi\u00f3n o Cualquier otra forma de provisi\u00f3n, comparaci\u00f3n o interconexi\u00f3n, limitaci\u00f3n, cancelaci\u00f3n o destrucci\u00f3n y se llevar\u00e1 a cabo tanto con el uso del soporte en papel como con la ayuda de herramientas electr\u00f3nicas inform\u00e1ticas y telem\u00e1ticas, de acuerdo con las modalidades y Con herramientas adecuadas para garantizar la seguridad y confidencialidad de los datos, de conformidad con lo dispuesto en los art\u00edculos 32 y siguientes del Reglamento (EU) 2016\/679, relativos a la \u00abseguridad de los datos de car\u00e1cter personal\u00bb.<\/p>\n<p>En particular, se adoptar\u00e1n todas las medidas de seguridad t\u00e9cnicas, inform\u00e1ticas, de organizaci\u00f3n, log\u00edsticas y de procedimiento apropiadas para el nivel de riesgo, en funci\u00f3n de la naturaleza de los datos.<\/p>\n<p>Adem\u00e1s, las metodolog\u00edas aplicadas aseguran que el acceso a los datos s\u00f3lo se permita a las personas encargadas del tratamiento por parte de nuestra empresa.<\/p>\n<h2>Comunicaci\u00f3n de los datos<\/h2>\n<p>La comunicaci\u00f3n de los datos es:<\/p>\n<ol>\n<li>a) Obbligatorio para lograr los fines relacionados previstos por las leyes u otras normas vinculantes;<\/li>\n<li>b) Necesario para crear y mantener una correcta relaci\u00f3n con Usted.<\/li>\n<\/ol>\n<p>Una eventual negaci\u00f3n a comunicar los datos arriba elencados, a\u00fan siendo leg\u00edtimo, puede comprometer el normal desarrollo de la relaci\u00f3n con nuestra empresa, en modo particular, podr\u00eda comportar la imposibilidad de hacer efectivo sus pedidos y relativa facturaci\u00f3n.<\/p>\n<h2>Comunicaci\u00f3n e difusi\u00f3ne de los datos<\/h2>\n<p>La comunicaci\u00f3n de los datos personales archivados con la finalidad expuesta en el punto 1 podr\u00e1 hacerse solo en el caso en que:<\/p>\n<ol>\n<li>a) Tal comunicaci\u00f3n sea obligatoria al fin de asegurar lo indicado por leyes u otras normativas vinculantes;<\/li>\n<li>b) Dichas comunicaciones sean abligatorias al fin de asegurar una correcta relaci\u00f3n comercial con Ud.<\/li>\n<\/ol>\n<p>Los datos personales recogidos podr\u00e1n ser comunicados en casos espec\u00edficos a sujetos p\u00fablicos o privados, personas f\u00edsicas o jur\u00eddicas en relaci\u00f3n a finalidades comerciales o de gesti\u00f3n de sistemas inform\u00e1ticos o de pago, incluyendo sujetos externos que desarrollan actividades por encargo de nuestra empresa.<\/p>\n<p>En caso particular los datos podr\u00e1n ser comunicados a las siguientes catagor\u00edas: red comercial, institutos bancarios y sociedades especializadas en la gesti\u00f3n de pagos, estudios legales o de consulencia, sujketos encargados de la revisi\u00f3n de los balances de nuestra sociedad, autoridades p\u00fablicas o encargadas para el cumplimiento efectivo de las leyes, proveedores italianos o extranjeros, sociedades de financiaci\u00f3n y transporte, terceras personas encargadas del control de la calidad del flujo log\u00edstico \u2013 comercial, asi como de otras sociedades integrantes de nuestro grupo.<\/p>\n<p>Los datos podr\u00e1n tambi\u00e9n ser difundidos mas solo en forma an\u00f3nima y para fines estad\u00edsticos.<\/p>\n<h2>Trasferimiento de los datos al exterior<\/h2>\n<p>Solo en los casos estrictamente necesarios a la ejecuci\u00f3n de la relaci\u00f3n contractual establecida con Ud., sus datos pueden ser comunicados a terceros (en cuanto proveedores) con domicilio en el exterior, dentro o fuera dela Uni\u00f3n\u00a0 Europea, siempre con respecto a las reglas contenidas en el arte. 44 a 50 del Reglamento (EU) 2016\/679.<\/p>\n<h2>Derechos del interesado<\/h2>\n<p>De conformidad con los art\u00edculos 12, 15 y 22 del Reglamento (UE) 2016\/679, usted\/usted tiene el derecho de requerir, con los requisitos y dentro de los l\u00edmites de dicho Reglamento:<\/p>\n<ol>\n<li>acceda a su informaci\u00f3n personal<\/li>\n<li>rectificar los datos personales no exactos<\/li>\n<li>eliminar informaci\u00f3n personal<\/li>\n<li>restringir el procesamiento de datos personales<\/li>\n<li>recibir notificaci\u00f3n en caso de rectificaci\u00f3n, supresi\u00f3n o limitaci\u00f3n de datos personales<\/li>\n<li>portabilidad de los datos personales<\/li>\n<li>oposici\u00f3n al tratamiento de datos personales<\/li>\n<li>en lo que respecta a los procesos automatizados de toma de decisiones (incluida la creaci\u00f3n de perfiles):<br \/>\na) obtener intervenci\u00f3n humana del propietario<br \/>\nb) exprese su opini\u00f3n<br \/>\nc) impugnar la decisi\u00f3n<\/li>\n<\/ol>\n<h2>Titular y responsable<\/h2>\n<p>Confirmamos adem\u00e1s, que el\u00a0 Titular del tratamiento es la\u00a0 Sociedad, en persona del administrador pro tempore, con domicilio <strong>Via Don G. Bazzoli, 34 &#8211; 25070 Bione &#8211; BS<\/strong>.<\/p>\n<p>El Responsable del manejo de los datos que le conciernen, domiciliado para este encargo en la sede de la Sociedad, es el responsable de los servicios inform\u00e1ticos contactable por correo electr\u00f3nico: <a href=\"mailto:aignep@legalmail.it\">aignep@legalmail.it<\/a>.<\/p>\n<h2>C\u00f3mo utiliza google los datos<\/h2>\n<p>Nos gustar\u00eda informarle, tambi\u00e9n que este sitio utiliza tecnolog\u00edas de Google para mejorar su contenido y ofrecerlo de forma gratuita.\u00a0M\u00e1s informaci\u00f3n disponible en el siguiente enlace: <a href=\"https:\/\/policies.google.com\/privacy\/partners?hl=it\">https:\/\/policies.google.com\/privacy\/partners?hl=it<\/a><\/p>\n<h2>Consenso al tratamiento<\/h2>\n<p>Por \u00faltimo deseamos informarle\/s, que el consenso de Su parte para el manejo de los datos personales con la modalidad arriba ilustrada es facultativo. en caso de negar el consenso, nuestra Sociedad non podr\u00e0 tratar sus datos personales, y solo los utilizar\u00e1 para los fines previstos por la ley o reglamentos existentes, con las consecuencias descriptas en el punto 3.<\/p>\n<p>Como usted\/usted sabe, el Reglamento (EU) 2016\/679 estipula que el tratamiento de datos personales se lleva a cabo con el consentimiento del interesado, a excepci\u00f3n de los casos de exclusi\u00f3n expresamente indicados por la ley. Por esta raz\u00f3n, la\/os invitamos a cumplimentar el formulario electr\u00f3nico de solicitud de consentimiento como certificado de recepci\u00f3n de la informaci\u00f3n a que se refiere esta carta informativa, as\u00ed como la expresi\u00f3n de consentimiento para el tratamiento de los datos personales.<\/p>\n<\/div><\/div><style type=\"text\/css\">.fusion-body .fusion-builder-column-1{width:100% !important;margin-top : 0px;margin-bottom : 20px;}.fusion-builder-column-1 > .fusion-column-wrapper {padding-top : 0px !important;padding-right : 0px !important;margin-right : 1.92%;padding-bottom : 0px !important;padding-left : 0px !important;margin-left : 1.92%;}@media only screen and (max-width:1024px) {.fusion-body .fusion-builder-column-1{width:100% !important;order : 0;}.fusion-builder-column-1 > .fusion-column-wrapper {margin-right : 1.92%;margin-left : 1.92%;}}@media only screen and (max-width:768px) {.fusion-body .fusion-builder-column-1{width:100% !important;order : 0;}.fusion-builder-column-1 > .fusion-column-wrapper {margin-right : 1.92%;margin-left : 1.92%;}}<\/style><\/div><\/div><style type=\"text\/css\">.fusion-body .fusion-flex-container.fusion-builder-row-2{ padding-top : 0px;margin-top : 2%;padding-right : 0px;padding-bottom : 0px;margin-bottom : 0px;padding-left : 0px;}<\/style><\/div><\/p>\n","protected":false},"excerpt":{"rendered":"","protected":false},"author":2,"featured_media":0,"parent":0,"menu_order":0,"comment_status":"closed","ping_status":"closed","template":"100-width.php","meta":{"_expiration-date-status":"","_expiration-date":0,"_expiration-date-type":"","_expiration-date-categories":[],"_expiration-date-options":[]},"yoast_head":"<!-- This site is optimized with the Yoast SEO plugin v19.11 - https:\/\/yoast.com\/wordpress\/plugins\/seo\/ -->\n<title>Privacy policy - Aignep S.p.A.<\/title>\n<meta name=\"robots\" content=\"index, follow, max-snippet:-1, max-image-preview:large, max-video-preview:-1\" \/>\n<link rel=\"canonical\" href=\"https:\/\/www.aignep.com\/es\/privacy\/\" \/>\n<meta property=\"og:locale\" content=\"es_ES\" \/>\n<meta property=\"og:type\" content=\"article\" \/>\n<meta property=\"og:title\" content=\"Privacy policy - Aignep S.p.A.\" \/>\n<meta property=\"og:url\" content=\"https:\/\/www.aignep.com\/es\/privacy\/\" \/>\n<meta property=\"og:site_name\" content=\"Aignep S.p.A.\" \/>\n<meta property=\"article:modified_time\" content=\"2022-11-18T14:15:01+00:00\" \/>\n<meta name=\"twitter:card\" content=\"summary_large_image\" \/>\n<meta name=\"twitter:label1\" content=\"Tiempo de lectura\" \/>\n\t<meta name=\"twitter:data1\" content=\"9 minutos\" \/>\n<script type=\"application\/ld+json\" class=\"yoast-schema-graph\">{\"@context\":\"https:\/\/schema.org\",\"@graph\":[{\"@type\":\"WebPage\",\"@id\":\"https:\/\/www.aignep.com\/es\/privacy\/\",\"url\":\"https:\/\/www.aignep.com\/es\/privacy\/\",\"name\":\"Privacy policy - Aignep S.p.A.\",\"isPartOf\":{\"@id\":\"https:\/\/www.aignep.com\/es\/#website\"},\"datePublished\":\"2022-06-03T13:12:33+00:00\",\"dateModified\":\"2022-11-18T14:15:01+00:00\",\"breadcrumb\":{\"@id\":\"https:\/\/www.aignep.com\/es\/privacy\/#breadcrumb\"},\"inLanguage\":\"es\",\"potentialAction\":[{\"@type\":\"ReadAction\",\"target\":[\"https:\/\/www.aignep.com\/es\/privacy\/\"]}]},{\"@type\":\"BreadcrumbList\",\"@id\":\"https:\/\/www.aignep.com\/es\/privacy\/#breadcrumb\",\"itemListElement\":[{\"@type\":\"ListItem\",\"position\":1,\"name\":\"Home\",\"item\":\"https:\/\/www.aignep.com\/es\/\"},{\"@type\":\"ListItem\",\"position\":2,\"name\":\"Privacy policy\"}]},{\"@type\":\"WebSite\",\"@id\":\"https:\/\/www.aignep.com\/es\/#website\",\"url\":\"https:\/\/www.aignep.com\/es\/\",\"name\":\"Aignep S.p.A.\",\"description\":\"Produ\u00e7\u00e3o de componentes de fluidos e ar comprimido\",\"potentialAction\":[{\"@type\":\"SearchAction\",\"target\":{\"@type\":\"EntryPoint\",\"urlTemplate\":\"https:\/\/www.aignep.com\/es\/?s={search_term_string}\"},\"query-input\":\"required name=search_term_string\"}],\"inLanguage\":\"es\"}]}<\/script>\n<!-- \/ Yoast SEO plugin. -->","yoast_head_json":{"title":"Privacy policy - Aignep S.p.A.","robots":{"index":"index","follow":"follow","max-snippet":"max-snippet:-1","max-image-preview":"max-image-preview:large","max-video-preview":"max-video-preview:-1"},"canonical":"https:\/\/www.aignep.com\/es\/privacy\/","og_locale":"es_ES","og_type":"article","og_title":"Privacy policy - Aignep S.p.A.","og_url":"https:\/\/www.aignep.com\/es\/privacy\/","og_site_name":"Aignep S.p.A.","article_modified_time":"2022-11-18T14:15:01+00:00","twitter_card":"summary_large_image","twitter_misc":{"Tiempo de lectura":"9 minutos"},"schema":{"@context":"https:\/\/schema.org","@graph":[{"@type":"WebPage","@id":"https:\/\/www.aignep.com\/es\/privacy\/","url":"https:\/\/www.aignep.com\/es\/privacy\/","name":"Privacy policy - Aignep S.p.A.","isPartOf":{"@id":"https:\/\/www.aignep.com\/es\/#website"},"datePublished":"2022-06-03T13:12:33+00:00","dateModified":"2022-11-18T14:15:01+00:00","breadcrumb":{"@id":"https:\/\/www.aignep.com\/es\/privacy\/#breadcrumb"},"inLanguage":"es","potentialAction":[{"@type":"ReadAction","target":["https:\/\/www.aignep.com\/es\/privacy\/"]}]},{"@type":"BreadcrumbList","@id":"https:\/\/www.aignep.com\/es\/privacy\/#breadcrumb","itemListElement":[{"@type":"ListItem","position":1,"name":"Home","item":"https:\/\/www.aignep.com\/es\/"},{"@type":"ListItem","position":2,"name":"Privacy policy"}]},{"@type":"WebSite","@id":"https:\/\/www.aignep.com\/es\/#website","url":"https:\/\/www.aignep.com\/es\/","name":"Aignep S.p.A.","description":"Produ\u00e7\u00e3o de componentes de fluidos e ar comprimido","potentialAction":[{"@type":"SearchAction","target":{"@type":"EntryPoint","urlTemplate":"https:\/\/www.aignep.com\/es\/?s={search_term_string}"},"query-input":"required name=search_term_string"}],"inLanguage":"es"}]}},"_links":{"self":[{"href":"https:\/\/www.aignep.com\/es\/wp-json\/wp\/v2\/pages\/4370"}],"collection":[{"href":"https:\/\/www.aignep.com\/es\/wp-json\/wp\/v2\/pages"}],"about":[{"href":"https:\/\/www.aignep.com\/es\/wp-json\/wp\/v2\/types\/page"}],"author":[{"embeddable":true,"href":"https:\/\/www.aignep.com\/es\/wp-json\/wp\/v2\/users\/2"}],"replies":[{"embeddable":true,"href":"https:\/\/www.aignep.com\/es\/wp-json\/wp\/v2\/comments?post=4370"}],"version-history":[{"count":3,"href":"https:\/\/www.aignep.com\/es\/wp-json\/wp\/v2\/pages\/4370\/revisions"}],"predecessor-version":[{"id":8083,"href":"https:\/\/www.aignep.com\/es\/wp-json\/wp\/v2\/pages\/4370\/revisions\/8083"}],"wp:attachment":[{"href":"https:\/\/www.aignep.com\/es\/wp-json\/wp\/v2\/media?parent=4370"}],"curies":[{"name":"wp","href":"https:\/\/api.w.org\/{rel}","templated":true}]}}