{"id":16870,"date":"2024-04-15T14:59:57","date_gmt":"2024-04-15T12:59:57","guid":{"rendered":"https:\/\/www.aignep.com\/?page_id=16870"},"modified":"2025-07-04T16:10:08","modified_gmt":"2025-07-04T14:10:08","slug":"fabricants-coupleurs-rapides","status":"publish","type":"page","link":"https:\/\/www.aignep.com\/fr\/produits\/fabricants-coupleurs-rapides\/","title":{"rendered":"Coupleurs rapides"},"content":{"rendered":"<p><div class=\"fusion-fullwidth fullwidth-box fusion-builder-row-1 fusion-flex-container nonhundred-percent-fullwidth non-hundred-percent-height-scrolling\" style=\"background-color: #f9f9f9;background-position: center center;background-repeat: no-repeat;border-width: 0px 0px 0px 0px;border-color:var(--awb-color3);border-style:solid;\" ><div class=\"fusion-builder-row fusion-row fusion-flex-align-items-flex-start fusion-flex-justify-content-center\" style=\"max-width:1393.6px;margin-left: calc(-4% \/ 2 );margin-right: calc(-4% \/ 2 );\"><div class=\"fusion-layout-column fusion_builder_column fusion-builder-column-0 fusion_builder_column_3_5 3_5 fusion-flex-column\"><div class=\"fusion-column-wrapper fusion-flex-justify-content-center fusion-content-layout-row fusion-flex-align-items-center\" style=\"background-position:left top;background-repeat:no-repeat;-webkit-background-size:cover;-moz-background-size:cover;-o-background-size:cover;background-size:cover;padding: 0px 0px 0px 0px;\"><style type=\"text\/css\">@media only screen and (max-width:1024px) {.fusion-title.fusion-title-1{margin-top:0px!important; margin-right:0px!important;margin-bottom:0px!important;margin-left:0px!important;}}@media only screen and (max-width:768px) {.fusion-title.fusion-title-1{margin-top:10px!important; margin-right:0px!important;margin-bottom:10px!important; margin-left:0px!important;}}<\/style><div class=\"fusion-title title fusion-title-1 fusion-sep-none fusion-title-center fusion-title-text fusion-title-size-one h1interne\" style=\"font-size:35px;margin-top:0px;margin-right:0px;margin-bottom:0px;margin-left:0px;\"><h1 class=\"title-heading-center fusion-responsive-typography-calculated\" style=\"margin:0;font-size:1em;text-transform:capitalize;--fontSize:35;line-height:var(--awb-typography1-line-height);\">COUPLEURS RAPIDES<\/h1><\/div><\/div><style type=\"text\/css\">.fusion-body .fusion-builder-column-0{width:60% !important;margin-top : 0px;margin-bottom : 0px;}.fusion-builder-column-0 > .fusion-column-wrapper {padding-top : 0px !important;padding-right : 0px !important;margin-right : 3.2%;padding-bottom : 0px !important;padding-left : 0px !important;margin-left : 3.2%;}@media only screen and (max-width:1024px) {.fusion-body .fusion-builder-column-0{width:60% !important;order : 0;}.fusion-builder-column-0 > .fusion-column-wrapper {margin-right : 3.2%;margin-left : 3.2%;}}@media only screen and (max-width:768px) {.fusion-body .fusion-builder-column-0{width:100% !important;order : 0;}.fusion-builder-column-0 > .fusion-column-wrapper {margin-right : 1.92%;margin-left : 1.92%;}}<\/style><\/div><\/div><style type=\"text\/css\">.fusion-body .fusion-flex-container.fusion-builder-row-1{ padding-top : 3%;margin-top : 0px;padding-right : 0px;padding-bottom : 3%;margin-bottom : 0px;padding-left : 0px;}<\/style><\/div><div class=\"fusion-fullwidth fullwidth-box fusion-builder-row-2 fusion-flex-container has-pattern-background has-mask-background nonhundred-percent-fullwidth non-hundred-percent-height-scrolling\" style=\"background-color: var(--awb-color1);background-position: center center;background-repeat: no-repeat;border-width: 0px 0px 0px 0px;border-color:var(--awb-color3);border-style:solid;\" ><div class=\"fusion-builder-row fusion-row fusion-flex-align-items-flex-start\" style=\"max-width:1393.6px;margin-left: calc(-4% \/ 2 );margin-right: calc(-4% \/ 2 );\"><div class=\"fusion-layout-column fusion_builder_column fusion-builder-column-1 fusion_builder_column_1_1 1_1 fusion-flex-column\"><div class=\"fusion-column-wrapper fusion-flex-justify-content-flex-start fusion-content-layout-column\" style=\"background-position:left top;background-repeat:no-repeat;-webkit-background-size:cover;-moz-background-size:cover;-o-background-size:cover;background-size:cover;padding: 0px 0px 0px 0px;\"><div class=\"fusion-text fusion-text-1\" style=\"text-align:center;\"><h2>Performances maximales avec coupleurs rapides et soufflettes<\/h2>\n<p>Les coupleurs rapides Aignep sont les meilleures solutions pour le transport de fluides, car ils garantissent d&rsquo;<strong>excellentes performances et fiabilit\u00e9<\/strong> pour diverses applications. Au fil du temps, nous avons enrichi notre catalogue de multiples types de coupleurs rapides, disponibles en simple ou double obturation, en laiton nickel\u00e9 ou en inox, afin de garantir \u00e0 nos clients des solutions capables de r\u00e9pondre \u00e0 leurs diff\u00e9rents besoins. Tous nos produits sont l\u00e9gers et compacts, et conformes aux principales normes de r\u00e9f\u00e9rence.<\/p>\n<\/div><\/div><style type=\"text\/css\">.fusion-body .fusion-builder-column-1{width:100% !important;margin-top : 0px;margin-bottom : 20px;}.fusion-builder-column-1 > .fusion-column-wrapper {padding-top : 0px !important;padding-right : 0px !important;margin-right : 1.92%;padding-bottom : 0px !important;padding-left : 0px !important;margin-left : 1.92%;}@media only screen and (max-width:1024px) {.fusion-body .fusion-builder-column-1{width:100% !important;order : 0;}.fusion-builder-column-1 > .fusion-column-wrapper {margin-right : 1.92%;margin-left : 1.92%;}}@media only screen and (max-width:768px) {.fusion-body .fusion-builder-column-1{width:100% !important;order : 0;}.fusion-builder-column-1 > .fusion-column-wrapper {margin-right : 1.92%;margin-left : 1.92%;}}<\/style><\/div><\/div><style type=\"text\/css\">.fusion-body .fusion-flex-container.fusion-builder-row-2{ padding-top : 0px;margin-top : 2%;padding-right : 0px;padding-bottom : 0px;margin-bottom : 0px;padding-left : 0px;}<\/style><\/div><div class=\"fusion-fullwidth fullwidth-box fusion-builder-row-3 fusion-flex-container has-pattern-background has-mask-background nonhundred-percent-fullwidth non-hundred-percent-height-scrolling\" style=\"background-color: var(--awb-color1);background-position: center center;background-repeat: no-repeat;border-width: 0px 0px 0px 0px;border-color:var(--awb-color3);border-style:solid;\" ><div class=\"fusion-builder-row fusion-row fusion-flex-align-items-flex-start\" style=\"max-width:calc( 1340px + 20px );margin-left: calc(-20px \/ 2 );margin-right: calc(-20px \/ 2 );\"><div class=\"fusion-layout-column fusion_builder_column fusion-builder-column-2 fusion_builder_column_1_4 1_4 fusion-flex-column fusion-flex-align-self-stretch singboxprodcat fusion-column-inner-bg-wrapper\"><div class=\"fusion-column-wrapper fusion-flex-justify-content-flex-start fusion-content-layout-column\" style=\"padding: 0px 0px 0px 0px;\"><div style=\"text-align:center;\"><style>.fusion-imageframe.imageframe-1{ margin-bottom : 10px;}<\/style><span class=\" fusion-imageframe imageframe-none imageframe-1 hover-type-none\"><img width=\"761\" height=\"600\" alt=\"Giunti ad innesto rapido\" title=\"Giunti-ad-Innesto-Rapido\" src=\"https:\/\/www.aignep.com\/wp-content\/uploads\/2024\/04\/Giunti-ad-Innesto-Rapido.webp\" data-orig-src=\"https:\/\/www.aignep.com\/wp-content\/uploads\/2024\/04\/Giunti-ad-Innesto-Rapido.webp\" class=\"lazyload img-responsive wp-image-16884\" srcset=\"data:image\/svg+xml,%3Csvg%20xmlns%3D%27http%3A%2F%2Fwww.w3.org%2F2000%2Fsvg%27%20width%3D%27761%27%20height%3D%27600%27%20viewBox%3D%270%200%20761%20600%27%3E%3Crect%20width%3D%27761%27%20height%3D%27600%27%20fill-opacity%3D%220%22%2F%3E%3C%2Fsvg%3E\" data-srcset=\"https:\/\/www.aignep.com\/wp-content\/uploads\/2024\/04\/Giunti-ad-Innesto-Rapido-200x158.webp 200w, https:\/\/www.aignep.com\/wp-content\/uploads\/2024\/04\/Giunti-ad-Innesto-Rapido-300x237.webp 300w, https:\/\/www.aignep.com\/wp-content\/uploads\/2024\/04\/Giunti-ad-Innesto-Rapido-400x315.webp 400w, https:\/\/www.aignep.com\/wp-content\/uploads\/2024\/04\/Giunti-ad-Innesto-Rapido-600x473.webp 600w, https:\/\/www.aignep.com\/wp-content\/uploads\/2024\/04\/Giunti-ad-Innesto-Rapido.webp 761w\" data-sizes=\"auto\" data-orig-sizes=\"(max-width: 768px) 100vw, 400px\" \/><\/span><\/div><style type=\"text\/css\">@media only screen and (max-width:1024px) {.fusion-title.fusion-title-2{margin-top:0px!important; margin-right:0px!important;margin-bottom:0px!important;margin-left:0px!important;}}@media only screen and (max-width:768px) {.fusion-title.fusion-title-2{margin-top:10px!important; margin-right:0px!important;margin-bottom:10px!important; margin-left:0px!important;}}<\/style><div class=\"fusion-title title fusion-title-2 fusion-sep-none fusion-title-text fusion-title-size-three\" style=\"margin-top:0px;margin-right:0px;margin-bottom:0px;margin-left:0px;\"><h3 class=\"title-heading-left fusion-responsive-typography-calculated\" style=\"margin:0;text-transform:capitalize;--fontSize:22;--minFontSize:22px;line-height:var(--awb-typography1-line-height);\">COUPLEURS AUTOMATIQUES<\/h3><\/div><\/div><span class=\"fusion-column-inner-bg hover-type-none\"><a class=\"fusion-column-anchor\" href=\"https:\/\/b2b.aignep.com\/fre\/Coupleurs-Automatiques\"><span class=\"fusion-column-inner-bg-image\" style=\"background-position:left top;background-repeat:no-repeat;-webkit-background-size:cover;-moz-background-size:cover;-o-background-size:cover;background-size:cover;\"><\/span><\/a><\/span><style type=\"text\/css\">.fusion-body .fusion-builder-column-2{width:25% !important;margin-top : 0px;margin-bottom : 0px;}.fusion-builder-column-2 > .fusion-column-wrapper {padding-top : 0px !important;padding-right : 0px !important;margin-right : 10px;padding-bottom : 0px !important;padding-left : 0px !important;margin-left : 10px;}.fusion-flex-container .fusion-row .fusion-builder-column-2 > .fusion-column-inner-bg { margin-right:10px;margin-left:10px; }@media only screen and (max-width:1024px) {.fusion-body .fusion-builder-column-2{width:25% !important;order : 0;}.fusion-builder-column-2 > .fusion-column-wrapper {margin-right : 10px;margin-left : 10px;}.fusion-flex-container .fusion-row .fusion-builder-column-2 > .fusion-column-inner-bg { margin-right:10px;margin-left:10px; }}@media only screen and (max-width:768px) {.fusion-body .fusion-builder-column-2{width:100% !important;order : 0;}.fusion-builder-column-2 > .fusion-column-wrapper {margin-right : 10px;margin-left : 10px;}.fusion-flex-container .fusion-row .fusion-builder-column-2 > .fusion-column-inner-bg { margin-right:10px;margin-left:10px; }}<\/style><\/div><div class=\"fusion-layout-column fusion_builder_column fusion-builder-column-3 fusion_builder_column_1_4 1_4 fusion-flex-column fusion-flex-align-self-stretch singboxprodcat fusion-column-inner-bg-wrapper\"><div class=\"fusion-column-wrapper fusion-flex-justify-content-flex-start fusion-content-layout-column\" style=\"padding: 0px 0px 0px 0px;\"><div style=\"text-align:center;\"><style>.fusion-imageframe.imageframe-2{ margin-bottom : 10px;}<\/style><span class=\" fusion-imageframe imageframe-none imageframe-2 hover-type-none\"><img width=\"761\" height=\"600\" alt=\"Pistole di soffiaggio\" title=\"Pistole-di-Soffiaggio\" src=\"https:\/\/www.aignep.com\/wp-content\/uploads\/2024\/04\/Pistole-di-Soffiaggio.webp\" data-orig-src=\"https:\/\/www.aignep.com\/wp-content\/uploads\/2024\/04\/Pistole-di-Soffiaggio.webp\" class=\"lazyload img-responsive wp-image-16892\" srcset=\"data:image\/svg+xml,%3Csvg%20xmlns%3D%27http%3A%2F%2Fwww.w3.org%2F2000%2Fsvg%27%20width%3D%27761%27%20height%3D%27600%27%20viewBox%3D%270%200%20761%20600%27%3E%3Crect%20width%3D%27761%27%20height%3D%27600%27%20fill-opacity%3D%220%22%2F%3E%3C%2Fsvg%3E\" data-srcset=\"https:\/\/www.aignep.com\/wp-content\/uploads\/2024\/04\/Pistole-di-Soffiaggio-200x158.webp 200w, https:\/\/www.aignep.com\/wp-content\/uploads\/2024\/04\/Pistole-di-Soffiaggio-300x237.webp 300w, https:\/\/www.aignep.com\/wp-content\/uploads\/2024\/04\/Pistole-di-Soffiaggio-400x315.webp 400w, https:\/\/www.aignep.com\/wp-content\/uploads\/2024\/04\/Pistole-di-Soffiaggio-600x473.webp 600w, https:\/\/www.aignep.com\/wp-content\/uploads\/2024\/04\/Pistole-di-Soffiaggio.webp 761w\" data-sizes=\"auto\" data-orig-sizes=\"(max-width: 768px) 100vw, 400px\" \/><\/span><\/div><style type=\"text\/css\">@media only screen and (max-width:1024px) {.fusion-title.fusion-title-3{margin-top:0px!important; margin-right:0px!important;margin-bottom:0px!important;margin-left:0px!important;}}@media only screen and (max-width:768px) {.fusion-title.fusion-title-3{margin-top:10px!important; margin-right:0px!important;margin-bottom:10px!important; margin-left:0px!important;}}<\/style><div class=\"fusion-title title fusion-title-3 fusion-sep-none fusion-title-text fusion-title-size-three\" style=\"margin-top:0px;margin-right:0px;margin-bottom:0px;margin-left:0px;\"><h3 class=\"title-heading-left fusion-responsive-typography-calculated\" style=\"margin:0;text-transform:capitalize;--fontSize:22;--minFontSize:22px;line-height:var(--awb-typography1-line-height);\">SOUFFLETTES<\/h3><\/div><\/div><span class=\"fusion-column-inner-bg hover-type-none\"><a class=\"fusion-column-anchor\" href=\"https:\/\/b2b.aignep.com\/fre\/Soufflettes\"><span class=\"fusion-column-inner-bg-image\" style=\"background-position:left top;background-repeat:no-repeat;-webkit-background-size:cover;-moz-background-size:cover;-o-background-size:cover;background-size:cover;\"><\/span><\/a><\/span><style type=\"text\/css\">.fusion-body .fusion-builder-column-3{width:25% !important;margin-top : 0px;margin-bottom : 0px;}.fusion-builder-column-3 > .fusion-column-wrapper {padding-top : 0px !important;padding-right : 0px !important;margin-right : 10px;padding-bottom : 0px !important;padding-left : 0px !important;margin-left : 10px;}.fusion-flex-container .fusion-row .fusion-builder-column-3 > .fusion-column-inner-bg { margin-right:10px;margin-left:10px; }@media only screen and (max-width:1024px) {.fusion-body .fusion-builder-column-3{width:25% !important;order : 0;}.fusion-builder-column-3 > .fusion-column-wrapper {margin-right : 10px;margin-left : 10px;}.fusion-flex-container .fusion-row .fusion-builder-column-3 > .fusion-column-inner-bg { margin-right:10px;margin-left:10px; }}@media only screen and (max-width:768px) {.fusion-body .fusion-builder-column-3{width:100% !important;order : 0;}.fusion-builder-column-3 > .fusion-column-wrapper {margin-right : 10px;margin-left : 10px;}.fusion-flex-container .fusion-row .fusion-builder-column-3 > .fusion-column-inner-bg { margin-right:10px;margin-left:10px; }}<\/style><\/div><\/div><style type=\"text\/css\">.fusion-body .fusion-flex-container.fusion-builder-row-3{ padding-top : 2%;margin-top : 0px;padding-right : 0px;padding-bottom : 2%;margin-bottom : 0px;padding-left : 0px;}<\/style><\/div><\/p>\n","protected":false},"excerpt":{"rendered":"","protected":false},"author":2,"featured_media":0,"parent":3165,"menu_order":0,"comment_status":"closed","ping_status":"closed","template":"100-width.php","meta":{"_expiration-date-status":"","_expiration-date":0,"_expiration-date-type":"","_expiration-date-categories":[],"_expiration-date-options":[]},"yoast_head":"<!-- This site is optimized with the Yoast SEO plugin v19.11 - https:\/\/yoast.com\/wordpress\/plugins\/seo\/ -->\n<title>Fabricants de coupleurs rapides | Aignep Spa<\/title>\n<meta name=\"description\" content=\"Depuis 1976, Aignep est un fabricant de coupleurs rapides et de soufflettes en laiton nickel\u00e9 ou en acier inoxydable.\" \/>\n<meta name=\"robots\" content=\"index, follow, max-snippet:-1, max-image-preview:large, max-video-preview:-1\" \/>\n<link rel=\"canonical\" href=\"https:\/\/www.aignep.com\/fr\/produits\/fabricants-coupleurs-rapides\/\" \/>\n<meta property=\"og:locale\" content=\"fr_FR\" \/>\n<meta property=\"og:type\" content=\"article\" \/>\n<meta property=\"og:title\" content=\"Fabricants de coupleurs rapides | Aignep Spa\" \/>\n<meta property=\"og:description\" content=\"Depuis 1976, Aignep est un fabricant de coupleurs rapides et de soufflettes en laiton nickel\u00e9 ou en acier inoxydable.\" \/>\n<meta property=\"og:url\" content=\"https:\/\/www.aignep.com\/fr\/produits\/fabricants-coupleurs-rapides\/\" \/>\n<meta property=\"og:site_name\" content=\"Aignep S.p.A.\" \/>\n<meta property=\"article:modified_time\" content=\"2025-07-04T14:10:08+00:00\" \/>\n<meta name=\"twitter:card\" content=\"summary_large_image\" \/>\n<meta name=\"twitter:label1\" content=\"Dur\u00e9e de lecture estim\u00e9e\" \/>\n\t<meta name=\"twitter:data1\" content=\"8 minutes\" \/>\n<script type=\"application\/ld+json\" class=\"yoast-schema-graph\">{\"@context\":\"https:\/\/schema.org\",\"@graph\":[{\"@type\":\"WebPage\",\"@id\":\"https:\/\/www.aignep.com\/fr\/produits\/fabricants-coupleurs-rapides\/\",\"url\":\"https:\/\/www.aignep.com\/fr\/produits\/fabricants-coupleurs-rapides\/\",\"name\":\"Fabricants de coupleurs rapides | Aignep Spa\",\"isPartOf\":{\"@id\":\"https:\/\/www.aignep.com\/fr\/#website\"},\"datePublished\":\"2024-04-15T12:59:57+00:00\",\"dateModified\":\"2025-07-04T14:10:08+00:00\",\"description\":\"Depuis 1976, Aignep est un fabricant de coupleurs rapides et de soufflettes en laiton nickel\u00e9 ou en acier inoxydable.\",\"breadcrumb\":{\"@id\":\"https:\/\/www.aignep.com\/fr\/produits\/fabricants-coupleurs-rapides\/#breadcrumb\"},\"inLanguage\":\"fr-FR\",\"potentialAction\":[{\"@type\":\"ReadAction\",\"target\":[\"https:\/\/www.aignep.com\/fr\/produits\/fabricants-coupleurs-rapides\/\"]}]},{\"@type\":\"BreadcrumbList\",\"@id\":\"https:\/\/www.aignep.com\/fr\/produits\/fabricants-coupleurs-rapides\/#breadcrumb\",\"itemListElement\":[{\"@type\":\"ListItem\",\"position\":1,\"name\":\"Home\",\"item\":\"https:\/\/www.aignep.com\/fr\/\"},{\"@type\":\"ListItem\",\"position\":2,\"name\":\"Produits\",\"item\":\"https:\/\/www.aignep.com\/fr\/produits\/\"},{\"@type\":\"ListItem\",\"position\":3,\"name\":\"Coupleurs rapides\"}]},{\"@type\":\"WebSite\",\"@id\":\"https:\/\/www.aignep.com\/fr\/#website\",\"url\":\"https:\/\/www.aignep.com\/fr\/\",\"name\":\"Aignep S.p.A.\",\"description\":\"Production de composants pour fluides et air comprim\u00e9\",\"potentialAction\":[{\"@type\":\"SearchAction\",\"target\":{\"@type\":\"EntryPoint\",\"urlTemplate\":\"https:\/\/www.aignep.com\/fr\/?s={search_term_string}\"},\"query-input\":\"required name=search_term_string\"}],\"inLanguage\":\"fr-FR\"}]}<\/script>\n<!-- \/ Yoast SEO plugin. -->","yoast_head_json":{"title":"Fabricants de coupleurs rapides | Aignep Spa","description":"Depuis 1976, Aignep est un fabricant de coupleurs rapides et de soufflettes en laiton nickel\u00e9 ou en acier inoxydable.","robots":{"index":"index","follow":"follow","max-snippet":"max-snippet:-1","max-image-preview":"max-image-preview:large","max-video-preview":"max-video-preview:-1"},"canonical":"https:\/\/www.aignep.com\/fr\/produits\/fabricants-coupleurs-rapides\/","og_locale":"fr_FR","og_type":"article","og_title":"Fabricants de coupleurs rapides | Aignep Spa","og_description":"Depuis 1976, Aignep est un fabricant de coupleurs rapides et de soufflettes en laiton nickel\u00e9 ou en acier inoxydable.","og_url":"https:\/\/www.aignep.com\/fr\/produits\/fabricants-coupleurs-rapides\/","og_site_name":"Aignep S.p.A.","article_modified_time":"2025-07-04T14:10:08+00:00","twitter_card":"summary_large_image","twitter_misc":{"Dur\u00e9e de lecture estim\u00e9e":"8 minutes"},"schema":{"@context":"https:\/\/schema.org","@graph":[{"@type":"WebPage","@id":"https:\/\/www.aignep.com\/fr\/produits\/fabricants-coupleurs-rapides\/","url":"https:\/\/www.aignep.com\/fr\/produits\/fabricants-coupleurs-rapides\/","name":"Fabricants de coupleurs rapides | Aignep Spa","isPartOf":{"@id":"https:\/\/www.aignep.com\/fr\/#website"},"datePublished":"2024-04-15T12:59:57+00:00","dateModified":"2025-07-04T14:10:08+00:00","description":"Depuis 1976, Aignep est un fabricant de coupleurs rapides et de soufflettes en laiton nickel\u00e9 ou en acier inoxydable.","breadcrumb":{"@id":"https:\/\/www.aignep.com\/fr\/produits\/fabricants-coupleurs-rapides\/#breadcrumb"},"inLanguage":"fr-FR","potentialAction":[{"@type":"ReadAction","target":["https:\/\/www.aignep.com\/fr\/produits\/fabricants-coupleurs-rapides\/"]}]},{"@type":"BreadcrumbList","@id":"https:\/\/www.aignep.com\/fr\/produits\/fabricants-coupleurs-rapides\/#breadcrumb","itemListElement":[{"@type":"ListItem","position":1,"name":"Home","item":"https:\/\/www.aignep.com\/fr\/"},{"@type":"ListItem","position":2,"name":"Produits","item":"https:\/\/www.aignep.com\/fr\/produits\/"},{"@type":"ListItem","position":3,"name":"Coupleurs rapides"}]},{"@type":"WebSite","@id":"https:\/\/www.aignep.com\/fr\/#website","url":"https:\/\/www.aignep.com\/fr\/","name":"Aignep S.p.A.","description":"Production de composants pour fluides et air comprim\u00e9","potentialAction":[{"@type":"SearchAction","target":{"@type":"EntryPoint","urlTemplate":"https:\/\/www.aignep.com\/fr\/?s={search_term_string}"},"query-input":"required name=search_term_string"}],"inLanguage":"fr-FR"}]}},"_links":{"self":[{"href":"https:\/\/www.aignep.com\/fr\/wp-json\/wp\/v2\/pages\/16870"}],"collection":[{"href":"https:\/\/www.aignep.com\/fr\/wp-json\/wp\/v2\/pages"}],"about":[{"href":"https:\/\/www.aignep.com\/fr\/wp-json\/wp\/v2\/types\/page"}],"author":[{"embeddable":true,"href":"https:\/\/www.aignep.com\/fr\/wp-json\/wp\/v2\/users\/2"}],"replies":[{"embeddable":true,"href":"https:\/\/www.aignep.com\/fr\/wp-json\/wp\/v2\/comments?post=16870"}],"version-history":[{"count":4,"href":"https:\/\/www.aignep.com\/fr\/wp-json\/wp\/v2\/pages\/16870\/revisions"}],"predecessor-version":[{"id":23924,"href":"https:\/\/www.aignep.com\/fr\/wp-json\/wp\/v2\/pages\/16870\/revisions\/23924"}],"up":[{"embeddable":true,"href":"https:\/\/www.aignep.com\/fr\/wp-json\/wp\/v2\/pages\/3165"}],"wp:attachment":[{"href":"https:\/\/www.aignep.com\/fr\/wp-json\/wp\/v2\/media?parent=16870"}],"curies":[{"name":"wp","href":"https:\/\/api.w.org\/{rel}","templated":true}]}}