{"id":17401,"date":"2024-05-21T11:28:19","date_gmt":"2024-05-21T09:28:19","guid":{"rendered":"https:\/\/www.aignep.com\/?page_id=17401"},"modified":"2025-06-07T13:30:59","modified_gmt":"2025-06-07T11:30:59","slug":"electrovannes-pour-la-distribution-de-fluides-liquides","status":"publish","type":"page","link":"https:\/\/www.aignep.com\/fr\/produits\/electrovannes-pour-la-distribution-de-fluides-liquides\/","title":{"rendered":"FLUIDITY"},"content":{"rendered":"<p><div class=\"fusion-fullwidth fullwidth-box fusion-builder-row-1 fusion-flex-container nonhundred-percent-fullwidth non-hundred-percent-height-scrolling\" style=\"background-color: #f9f9f9;background-position: center center;background-repeat: no-repeat;border-width: 0px 0px 0px 0px;border-color:var(--awb-color3);border-style:solid;\" ><div class=\"fusion-builder-row fusion-row fusion-flex-align-items-flex-start fusion-flex-justify-content-center\" style=\"max-width:1393.6px;margin-left: calc(-4% \/ 2 );margin-right: calc(-4% \/ 2 );\"><div class=\"fusion-layout-column fusion_builder_column fusion-builder-column-0 fusion_builder_column_3_5 3_5 fusion-flex-column\"><div class=\"fusion-column-wrapper fusion-flex-justify-content-center fusion-content-layout-row fusion-flex-align-items-center\" style=\"background-position:left top;background-repeat:no-repeat;-webkit-background-size:cover;-moz-background-size:cover;-o-background-size:cover;background-size:cover;padding: 0px 0px 0px 0px;\"><div style=\"text-align:center;\"><style>.fusion-imageframe.imageframe-1{ margin-bottom : 15px;}<\/style><span class=\" fusion-imageframe imageframe-none imageframe-1 hover-type-none\"><img width=\"323\" height=\"116\" alt=\"Fluidity\" title=\"logo-fluidity\" src=\"https:\/\/www.aignep.com\/wp-content\/uploads\/2024\/05\/logo-fluidity.webp\" data-orig-src=\"https:\/\/www.aignep.com\/wp-content\/uploads\/2024\/05\/logo-fluidity.webp\" class=\"lazyload img-responsive wp-image-17415\" srcset=\"data:image\/svg+xml,%3Csvg%20xmlns%3D%27http%3A%2F%2Fwww.w3.org%2F2000%2Fsvg%27%20width%3D%27323%27%20height%3D%27116%27%20viewBox%3D%270%200%20323%20116%27%3E%3Crect%20width%3D%27323%27%20height%3D%27116%27%20fill-opacity%3D%220%22%2F%3E%3C%2Fsvg%3E\" data-srcset=\"https:\/\/www.aignep.com\/wp-content\/uploads\/2024\/05\/logo-fluidity-200x72.webp 200w, https:\/\/www.aignep.com\/wp-content\/uploads\/2024\/05\/logo-fluidity-300x108.webp 300w, https:\/\/www.aignep.com\/wp-content\/uploads\/2024\/05\/logo-fluidity-320x116.webp 320w, https:\/\/www.aignep.com\/wp-content\/uploads\/2024\/05\/logo-fluidity.webp 323w\" data-sizes=\"auto\" data-orig-sizes=\"(max-width: 768px) 100vw, 323px\" \/><\/span><\/div><style type=\"text\/css\">@media only screen and (max-width:1024px) {.fusion-title.fusion-title-1{margin-top:0px!important; margin-right:0px!important;margin-bottom:0px!important;margin-left:0px!important;}}@media only screen and (max-width:768px) {.fusion-title.fusion-title-1{margin-top:10px!important; margin-right:0px!important;margin-bottom:10px!important; margin-left:0px!important;}}<\/style><div class=\"fusion-title title fusion-title-1 fusion-sep-none fusion-title-center fusion-title-text fusion-title-size-one h1interne\" style=\"font-size:35px;margin-top:0px;margin-right:0px;margin-bottom:0px;margin-left:0px;\"><h1 class=\"title-heading-center fusion-responsive-typography-calculated\" style=\"margin:0;font-size:1em;text-transform:capitalize;--fontSize:35;line-height:var(--awb-typography1-line-height);\">ELECTROVANNES POUR FLUIDES \u00ab\u00a0FLUIDITY\u00a0\u00bb<\/h1><\/div><\/div><style type=\"text\/css\">.fusion-body .fusion-builder-column-0{width:60% !important;margin-top : 0px;margin-bottom : 0px;}.fusion-builder-column-0 > .fusion-column-wrapper {padding-top : 0px !important;padding-right : 0px !important;margin-right : 3.2%;padding-bottom : 0px !important;padding-left : 0px !important;margin-left : 3.2%;}@media only screen and (max-width:1024px) {.fusion-body .fusion-builder-column-0{width:60% !important;order : 0;}.fusion-builder-column-0 > .fusion-column-wrapper {margin-right : 3.2%;margin-left : 3.2%;}}@media only screen and (max-width:768px) {.fusion-body .fusion-builder-column-0{width:100% !important;order : 0;}.fusion-builder-column-0 > .fusion-column-wrapper {margin-right : 1.92%;margin-left : 1.92%;}}<\/style><\/div><\/div><style type=\"text\/css\">.fusion-body .fusion-flex-container.fusion-builder-row-1{ padding-top : 3%;margin-top : 0px;padding-right : 0px;padding-bottom : 3%;margin-bottom : 0px;padding-left : 0px;}<\/style><\/div><div class=\"fusion-fullwidth fullwidth-box fusion-builder-row-2 fusion-flex-container has-pattern-background has-mask-background nonhundred-percent-fullwidth non-hundred-percent-height-scrolling\" style=\"background-color: var(--awb-color1);background-position: center center;background-repeat: no-repeat;border-width: 0px 0px 0px 0px;border-color:var(--awb-color3);border-style:solid;\" ><div class=\"fusion-builder-row fusion-row fusion-flex-align-items-flex-start\" style=\"max-width:1393.6px;margin-left: calc(-4% \/ 2 );margin-right: calc(-4% \/ 2 );\"><div class=\"fusion-layout-column fusion_builder_column fusion-builder-column-1 fusion_builder_column_1_1 1_1 fusion-flex-column\"><div class=\"fusion-column-wrapper fusion-flex-justify-content-flex-start fusion-content-layout-column\" style=\"background-position:left top;background-repeat:no-repeat;-webkit-background-size:cover;-moz-background-size:cover;-o-background-size:cover;background-size:cover;padding: 0px 0px 0px 0px;\"><div class=\"fusion-text fusion-text-1 fusion-text-no-margin\" style=\"text-align:center;margin-bottom:2%;\"><h2> Electrovannes pour la distribution de fluides liquides et gazeux<\/h2>\n<p>Con\u00e7ue et produite par Aignep pour le contr\u00f4le des fluides liquides et gazeux, la ligne FLUIDITY se compose d&rsquo;une large gamme d&rsquo;\u00e9lectrovannes Made in Italy pour fluides au design \u00e9pur\u00e9, robuste et compact. Disponibles avec des corps en laiton ou en acier inoxydable, nos \u00e9lectrovannes garantissent des performances \u00e9lev\u00e9es, offrent des diff\u00e9rentiels de pression minimum et maximum et peuvent \u00eatre combin\u00e9es avec plusieurs types de connecteurs de notre fabrication. Les bobines sont choisies en fonction des \u00e9conomies d&rsquo;\u00e9nergie et conform\u00e9ment aux normes internationales<\/p>\n<\/div><div style=\"text-align:center;\"><style>.fusion-body .fusion-button.button-1 .fusion-button-text{color:var(--awb-color1);text-transform:none;}.fusion-body .fusion-button.button-1{border-color:rgba(255,255,255,0);border-radius:0 0 0 0;background:var(--awb-color6);font-size:var(--awb-typography3-font-size);line-height:var(--awb-typography3-line-height);padding-top:15px;padding-right:25px;padding-bottom:15px;padding-left:25px;letter-spacing:var(--awb-typography3-letter-spacing);font-family:\"Open Sans\";font-weight:400;}.fusion-body .fusion-button.button-1 i,.fusion-body .fusion-button.button-1:hover .fusion-button-text,.fusion-body .fusion-button.button-1:hover i,.fusion-body .fusion-button.button-1:focus .fusion-button-text,.fusion-body .fusion-button.button-1:focus i,.fusion-body .fusion-button.button-1:active .fusion-button-text,.fusion-body .fusion-button.button-1:active i{color:var(--awb-color1);}.fusion-body .fusion-button.button-1:hover,.fusion-body .fusion-button.button-1:active,.fusion-body .fusion-button.button-1:focus{border-color:rgba(255,255,255,0);background:var(--awb-color5);}<\/style><a class=\"fusion-button button-flat fusion-button-default-size button-custom button-1 fusion-button-default-span fusion-button-default-type\" target=\"_self\" href=\"https:\/\/b2b.aignep.com\/fre\/electrovannes-pour-fluides-fluidity\"><span class=\"fusion-button-text\">ALLER AU CATALOGUE<\/span><\/a><\/div><\/div><style type=\"text\/css\">.fusion-body .fusion-builder-column-1{width:100% !important;margin-top : 0px;margin-bottom : 20px;}.fusion-builder-column-1 > .fusion-column-wrapper {padding-top : 0px !important;padding-right : 0px !important;margin-right : 1.92%;padding-bottom : 0px !important;padding-left : 0px !important;margin-left : 1.92%;}@media only screen and (max-width:1024px) {.fusion-body .fusion-builder-column-1{width:100% !important;order : 0;}.fusion-builder-column-1 > .fusion-column-wrapper {margin-right : 1.92%;margin-left : 1.92%;}}@media only screen and (max-width:768px) {.fusion-body .fusion-builder-column-1{width:100% !important;order : 0;}.fusion-builder-column-1 > .fusion-column-wrapper {margin-right : 1.92%;margin-left : 1.92%;}}<\/style><\/div><\/div><style type=\"text\/css\">.fusion-body .fusion-flex-container.fusion-builder-row-2{ padding-top : 0px;margin-top : 2%;padding-right : 0px;padding-bottom : 0px;margin-bottom : 6%;padding-left : 0px;}<\/style><\/div><\/p>\n","protected":false},"excerpt":{"rendered":"","protected":false},"author":2,"featured_media":0,"parent":3165,"menu_order":0,"comment_status":"closed","ping_status":"closed","template":"100-width.php","meta":{"_expiration-date-status":"","_expiration-date":0,"_expiration-date-type":"","_expiration-date-categories":[],"_expiration-date-options":[]},"yoast_head":"<!-- This site is optimized with the Yoast SEO plugin v19.11 - https:\/\/yoast.com\/wordpress\/plugins\/seo\/ -->\n<title>Electrovannes pour la distribution de fluides | Aignep Spa<\/title>\n<meta name=\"description\" content=\"Les bobines sont choisies en fonction des \u00e9conomies d&#039;\u00e9nergie et conform\u00e9ment aux normes internationales.\" \/>\n<meta name=\"robots\" content=\"index, follow, max-snippet:-1, max-image-preview:large, max-video-preview:-1\" \/>\n<link rel=\"canonical\" href=\"https:\/\/www.aignep.com\/fr\/produits\/electrovannes-pour-la-distribution-de-fluides-liquides\/\" \/>\n<meta property=\"og:locale\" content=\"fr_FR\" \/>\n<meta property=\"og:type\" content=\"article\" \/>\n<meta property=\"og:title\" content=\"Electrovannes pour la distribution de fluides | Aignep Spa\" \/>\n<meta property=\"og:description\" content=\"Les bobines sont choisies en fonction des \u00e9conomies d&#039;\u00e9nergie et conform\u00e9ment aux normes internationales.\" \/>\n<meta property=\"og:url\" content=\"https:\/\/www.aignep.com\/fr\/produits\/electrovannes-pour-la-distribution-de-fluides-liquides\/\" \/>\n<meta property=\"og:site_name\" content=\"Aignep S.p.A.\" \/>\n<meta property=\"article:modified_time\" content=\"2025-06-07T11:30:59+00:00\" \/>\n<meta name=\"twitter:card\" content=\"summary_large_image\" \/>\n<meta name=\"twitter:label1\" content=\"Dur\u00e9e de lecture estim\u00e9e\" \/>\n\t<meta name=\"twitter:data1\" content=\"5 minutes\" \/>\n<script type=\"application\/ld+json\" class=\"yoast-schema-graph\">{\"@context\":\"https:\/\/schema.org\",\"@graph\":[{\"@type\":\"WebPage\",\"@id\":\"https:\/\/www.aignep.com\/fr\/produits\/electrovannes-pour-la-distribution-de-fluides-liquides\/\",\"url\":\"https:\/\/www.aignep.com\/fr\/produits\/electrovannes-pour-la-distribution-de-fluides-liquides\/\",\"name\":\"Electrovannes pour la distribution de fluides | Aignep Spa\",\"isPartOf\":{\"@id\":\"https:\/\/www.aignep.com\/fr\/#website\"},\"datePublished\":\"2024-05-21T09:28:19+00:00\",\"dateModified\":\"2025-06-07T11:30:59+00:00\",\"description\":\"Les bobines sont choisies en fonction des \u00e9conomies d'\u00e9nergie et conform\u00e9ment aux normes internationales.\",\"breadcrumb\":{\"@id\":\"https:\/\/www.aignep.com\/fr\/produits\/electrovannes-pour-la-distribution-de-fluides-liquides\/#breadcrumb\"},\"inLanguage\":\"fr-FR\",\"potentialAction\":[{\"@type\":\"ReadAction\",\"target\":[\"https:\/\/www.aignep.com\/fr\/produits\/electrovannes-pour-la-distribution-de-fluides-liquides\/\"]}]},{\"@type\":\"BreadcrumbList\",\"@id\":\"https:\/\/www.aignep.com\/fr\/produits\/electrovannes-pour-la-distribution-de-fluides-liquides\/#breadcrumb\",\"itemListElement\":[{\"@type\":\"ListItem\",\"position\":1,\"name\":\"Home\",\"item\":\"https:\/\/www.aignep.com\/fr\/\"},{\"@type\":\"ListItem\",\"position\":2,\"name\":\"Produits\",\"item\":\"https:\/\/www.aignep.com\/fr\/produits\/\"},{\"@type\":\"ListItem\",\"position\":3,\"name\":\"FLUIDITY\"}]},{\"@type\":\"WebSite\",\"@id\":\"https:\/\/www.aignep.com\/fr\/#website\",\"url\":\"https:\/\/www.aignep.com\/fr\/\",\"name\":\"Aignep S.p.A.\",\"description\":\"Production de composants pour fluides et air comprim\u00e9\",\"potentialAction\":[{\"@type\":\"SearchAction\",\"target\":{\"@type\":\"EntryPoint\",\"urlTemplate\":\"https:\/\/www.aignep.com\/fr\/?s={search_term_string}\"},\"query-input\":\"required name=search_term_string\"}],\"inLanguage\":\"fr-FR\"}]}<\/script>\n<!-- \/ Yoast SEO plugin. -->","yoast_head_json":{"title":"Electrovannes pour la distribution de fluides | Aignep Spa","description":"Les bobines sont choisies en fonction des \u00e9conomies d'\u00e9nergie et conform\u00e9ment aux normes internationales.","robots":{"index":"index","follow":"follow","max-snippet":"max-snippet:-1","max-image-preview":"max-image-preview:large","max-video-preview":"max-video-preview:-1"},"canonical":"https:\/\/www.aignep.com\/fr\/produits\/electrovannes-pour-la-distribution-de-fluides-liquides\/","og_locale":"fr_FR","og_type":"article","og_title":"Electrovannes pour la distribution de fluides | Aignep Spa","og_description":"Les bobines sont choisies en fonction des \u00e9conomies d'\u00e9nergie et conform\u00e9ment aux normes internationales.","og_url":"https:\/\/www.aignep.com\/fr\/produits\/electrovannes-pour-la-distribution-de-fluides-liquides\/","og_site_name":"Aignep S.p.A.","article_modified_time":"2025-06-07T11:30:59+00:00","twitter_card":"summary_large_image","twitter_misc":{"Dur\u00e9e de lecture estim\u00e9e":"5 minutes"},"schema":{"@context":"https:\/\/schema.org","@graph":[{"@type":"WebPage","@id":"https:\/\/www.aignep.com\/fr\/produits\/electrovannes-pour-la-distribution-de-fluides-liquides\/","url":"https:\/\/www.aignep.com\/fr\/produits\/electrovannes-pour-la-distribution-de-fluides-liquides\/","name":"Electrovannes pour la distribution de fluides | Aignep Spa","isPartOf":{"@id":"https:\/\/www.aignep.com\/fr\/#website"},"datePublished":"2024-05-21T09:28:19+00:00","dateModified":"2025-06-07T11:30:59+00:00","description":"Les bobines sont choisies en fonction des \u00e9conomies d'\u00e9nergie et conform\u00e9ment aux normes internationales.","breadcrumb":{"@id":"https:\/\/www.aignep.com\/fr\/produits\/electrovannes-pour-la-distribution-de-fluides-liquides\/#breadcrumb"},"inLanguage":"fr-FR","potentialAction":[{"@type":"ReadAction","target":["https:\/\/www.aignep.com\/fr\/produits\/electrovannes-pour-la-distribution-de-fluides-liquides\/"]}]},{"@type":"BreadcrumbList","@id":"https:\/\/www.aignep.com\/fr\/produits\/electrovannes-pour-la-distribution-de-fluides-liquides\/#breadcrumb","itemListElement":[{"@type":"ListItem","position":1,"name":"Home","item":"https:\/\/www.aignep.com\/fr\/"},{"@type":"ListItem","position":2,"name":"Produits","item":"https:\/\/www.aignep.com\/fr\/produits\/"},{"@type":"ListItem","position":3,"name":"FLUIDITY"}]},{"@type":"WebSite","@id":"https:\/\/www.aignep.com\/fr\/#website","url":"https:\/\/www.aignep.com\/fr\/","name":"Aignep S.p.A.","description":"Production de composants pour fluides et air comprim\u00e9","potentialAction":[{"@type":"SearchAction","target":{"@type":"EntryPoint","urlTemplate":"https:\/\/www.aignep.com\/fr\/?s={search_term_string}"},"query-input":"required name=search_term_string"}],"inLanguage":"fr-FR"}]}},"_links":{"self":[{"href":"https:\/\/www.aignep.com\/fr\/wp-json\/wp\/v2\/pages\/17401"}],"collection":[{"href":"https:\/\/www.aignep.com\/fr\/wp-json\/wp\/v2\/pages"}],"about":[{"href":"https:\/\/www.aignep.com\/fr\/wp-json\/wp\/v2\/types\/page"}],"author":[{"embeddable":true,"href":"https:\/\/www.aignep.com\/fr\/wp-json\/wp\/v2\/users\/2"}],"replies":[{"embeddable":true,"href":"https:\/\/www.aignep.com\/fr\/wp-json\/wp\/v2\/comments?post=17401"}],"version-history":[{"count":5,"href":"https:\/\/www.aignep.com\/fr\/wp-json\/wp\/v2\/pages\/17401\/revisions"}],"predecessor-version":[{"id":22932,"href":"https:\/\/www.aignep.com\/fr\/wp-json\/wp\/v2\/pages\/17401\/revisions\/22932"}],"up":[{"embeddable":true,"href":"https:\/\/www.aignep.com\/fr\/wp-json\/wp\/v2\/pages\/3165"}],"wp:attachment":[{"href":"https:\/\/www.aignep.com\/fr\/wp-json\/wp\/v2\/media?parent=17401"}],"curies":[{"name":"wp","href":"https:\/\/api.w.org\/{rel}","templated":true}]}}