{"id":4366,"date":"2022-06-03T15:12:33","date_gmt":"2022-06-03T13:12:33","guid":{"rendered":"https:\/\/aignep.kinsta.cloud\/?page_id=4366"},"modified":"2022-12-05T12:10:59","modified_gmt":"2022-12-05T11:10:59","slug":"privacy","status":"publish","type":"page","link":"https:\/\/www.aignep.com\/fr\/privacy\/","title":{"rendered":"Privacy policy"},"content":{"rendered":"<p><div class=\"fusion-fullwidth fullwidth-box fusion-builder-row-1 fusion-flex-container nonhundred-percent-fullwidth non-hundred-percent-height-scrolling\" style=\"background-color: #f9f9f9;background-position: center center;background-repeat: no-repeat;border-width: 0px 0px 0px 0px;border-color:var(--awb-color3);border-style:solid;\" ><div class=\"fusion-builder-row fusion-row fusion-flex-align-items-flex-start fusion-flex-justify-content-center\" style=\"max-width:1393.6px;margin-left: calc(-4% \/ 2 );margin-right: calc(-4% \/ 2 );\"><div class=\"fusion-layout-column fusion_builder_column fusion-builder-column-0 fusion_builder_column_3_5 3_5 fusion-flex-column\"><div class=\"fusion-column-wrapper fusion-flex-justify-content-center fusion-content-layout-column\" style=\"background-position:left top;background-repeat:no-repeat;-webkit-background-size:cover;-moz-background-size:cover;-o-background-size:cover;background-size:cover;padding: 0px 0px 0px 0px;\"><style type=\"text\/css\">@media only screen and (max-width:1024px) {.fusion-title.fusion-title-1{margin-top:0px!important; margin-right:0px!important;margin-bottom:0px!important;margin-left:0px!important;}}@media only screen and (max-width:768px) {.fusion-title.fusion-title-1{margin-top:10px!important; margin-right:0px!important;margin-bottom:10px!important; margin-left:0px!important;}}<\/style><div class=\"fusion-title title fusion-title-1 fusion-sep-none fusion-title-center fusion-title-text fusion-title-size-one h1interne\" style=\"font-size:35px;margin-top:0px;margin-right:0px;margin-bottom:0px;margin-left:0px;\"><h1 class=\"title-heading-center fusion-responsive-typography-calculated\" style=\"margin:0;font-size:1em;text-transform:capitalize;--fontSize:35;line-height:var(--awb-typography1-line-height);\">PRIVACY POLICY<\/h1><\/div><\/div><style type=\"text\/css\">.fusion-body .fusion-builder-column-0{width:60% !important;margin-top : 0px;margin-bottom : 0px;}.fusion-builder-column-0 > .fusion-column-wrapper {padding-top : 0px !important;padding-right : 0px !important;margin-right : 3.2%;padding-bottom : 0px !important;padding-left : 0px !important;margin-left : 3.2%;}@media only screen and (max-width:1024px) {.fusion-body .fusion-builder-column-0{width:60% !important;order : 0;}.fusion-builder-column-0 > .fusion-column-wrapper {margin-right : 3.2%;margin-left : 3.2%;}}@media only screen and (max-width:768px) {.fusion-body .fusion-builder-column-0{width:100% !important;order : 0;}.fusion-builder-column-0 > .fusion-column-wrapper {margin-right : 1.92%;margin-left : 1.92%;}}<\/style><\/div><\/div><style type=\"text\/css\">.fusion-body .fusion-flex-container.fusion-builder-row-1{ padding-top : 3%;margin-top : 0px;padding-right : 0px;padding-bottom : 3%;margin-bottom : 0px;padding-left : 0px;}<\/style><\/div><div class=\"fusion-fullwidth fullwidth-box fusion-builder-row-2 fusion-flex-container nonhundred-percent-fullwidth non-hundred-percent-height-scrolling\" style=\"background-color: var(--awb-color1);background-position: center center;background-repeat: no-repeat;border-width: 0px 0px 0px 0px;border-color:var(--awb-color3);border-style:solid;\" ><div class=\"fusion-builder-row fusion-row fusion-flex-align-items-flex-start fusion-flex-justify-content-center\" style=\"max-width:1393.6px;margin-left: calc(-4% \/ 2 );margin-right: calc(-4% \/ 2 );\"><div class=\"fusion-layout-column fusion_builder_column fusion-builder-column-1 fusion_builder_column_1_1 1_1 fusion-flex-column fusion-flex-align-self-center\"><div class=\"fusion-column-wrapper fusion-flex-justify-content-center fusion-content-layout-column\" style=\"background-position:left top;background-repeat:no-repeat;-webkit-background-size:cover;-moz-background-size:cover;-o-background-size:cover;background-size:cover;padding: 0px 0px 0px 0px;\"><div class=\"fusion-text fusion-text-1\" style=\"text-transform:none;\"><p>D\u00e9claration et demande de consentement pour le traitement des donn\u00e9es \u00e0 caract\u00e8re personnel conform\u00e9ment \u00e0 l&rsquo;article 6.1A DE le R\u00e8glement (UE) 2016\/679<\/p>\n<p>En conformit\u00e9 avec les obligations pr\u00e9vues par le R\u00e8glement (UE) 2016\/679 sur le traitement des donn\u00e9es personnelles en vigueur \u00e0 partir du 25 mai 2018, avec l&rsquo;actuel nous vous informerons que la compagnie <strong>AIGNEP S.p.A.<\/strong> avec si\u00e8ge \u00e0 <strong>Via Don G. Bazzoli, 34 &#8211; 25070 Bione &#8211; BS<\/strong> (ci-apr\u00e8s la \u00ab\u00a0Soci\u00e9t\u00e9\u00a0\u00bb) seront soumis \u00e0 la manipulation de donn\u00e9es personnelles qui vous concernent et que nous avons ou que nous ferons par vous ou par d&rsquo;autres communiqu\u00e9s de presse. Le traitement des donn\u00e9es \u00e0 caract\u00e8re personnel doit \u00eatre effectu\u00e9 en conformit\u00e9 avec les r\u00e8gles en vigueur et dans les conditions suivantes.<\/p>\n<h2>But du traitement<\/h2>\n<p>Le traitement des donn\u00e9es \u00e0 caract\u00e8re personnel est dirig\u00e9 exclusivement \u00e0 la r\u00e9alisation des objectifs suivants:<\/p>\n<p>a) Pour l&rsquo;exigence avant de conclure des contrats de vente, afin de mettre en \u0153uvre les m\u00eames et pour la protection des cr\u00e9anciers des positions et qui en d\u00e9coulent;<\/p>\n<p>b) \u00c0 s&rsquo;acquitter de tous les types d&rsquo;obligation pr\u00e9vue dans les lois et r\u00e8glements en vigueur, en particulier, en mati\u00e8re fiscale;<\/p>\n<p>c) Pour les besoins d&rsquo;exploitation, de gestion et de comptabilit\u00e9;<\/p>\n<p>d) Pour l&rsquo;enregistrement de l&rsquo;nombre d&rsquo;acc\u00e8s au site web de la compagnie et l&rsquo;utilisation des services fournis par ce site;<\/p>\n<p>e) Pour des besoins de surveillance de l&rsquo;\u00e9volution des relations avec les clients et\/ou des risques en cause et d&rsquo;am\u00e9liorer ces relations;<\/p>\n<p>f) \u00c0 des fins commerciales et marketing strat\u00e9gique et op\u00e9rationnel.<\/p>\n<h2>Modalit\u00e9s de traitement<\/h2>\n<p>Le traitement des donn\u00e9es peut consister, en plus de leur collecte, de leur l&rsquo;enregistrement, organisation, structuration, stockage, adaptation, modification, extraction, consultation, utilisation, communication par transmission, diffusion ou toute autre forme de fourniture, comparaison ou interconnexion, limitation, suppression ou destruction et sera effectu\u00e9 tant avec l&rsquo;utilisation de support papier, tant avec l&rsquo;utilisation d&rsquo;outils \u00e9lectroniques de l&rsquo;informatique et de la t\u00e9l\u00e9matique, en conformit\u00e9 avec les proc\u00e9dures et les outils appropri\u00e9s pour assurer la s\u00e9curit\u00e9 et la confidentialit\u00e9 des donn\u00e9es elles-m\u00eames, conform\u00e9ment aux articles 32 et suivants du R\u00e8glement (UE) 2016\/679, concernant la \u201c s\u00e9curit\u00e9 des donn\u00e9es \u00e0 caract\u00e8re personnel \u201d.<\/p>\n<p>En particulier, seront pris toutes les mesures techniques, informatiques, organisationnel, logistique et la s\u00e9curit\u00e9 des proc\u00e9dures appropri\u00e9 au niveau de risque en fonction de la nature des donn\u00e9es.<\/p>\n<p>En outre, les m\u00e9thodologies appliqu\u00e9es veillent \u00e0 ce que les donn\u00e9es l&rsquo;acc\u00e8s est autoris\u00e9 uniquement aux personnes en charge du traitement de la part de notre soci\u00e9t\u00e9.<\/p>\n<h2>Donn\u00e9es silencieux<\/h2>\n<p>L&rsquo;attribution des donn\u00e9es est:<\/p>\n<p>a) requis pour la r\u00e9alisation des objectifs li\u00e9s aux obligations pr\u00e9vues par les lois ou d&rsquo;autres r\u00e9glementations obligatoires;<\/p>\n<p>b) requis pour la bonne mise en place et le maintien de la relation avec son\/Vous \u00e9tablit.<\/p>\n<p>Un \u00e9ventuel refus de fournir les donn\u00e9es vis\u00e9es ci-dessus, quoique certaines l\u00e9gitime, pourrait compromettre le bon fonctionnement de la relation avec notre entreprise et, en particulier, pourrait entra\u00eener l&rsquo;impossibilit\u00e9 pour nous de mettre en \u0153uvre sa \/ vos commandes, et \u00e0 effectuer la prestation des services requis et pour la facturation.<\/p>\n<h2>Communication et diffusion des donn\u00e9es<\/h2>\n<p>La communication \u00e0 l&rsquo;ext\u00e9rieur des donn\u00e9es personnelles collect\u00e9es aux fins vis\u00e9es au point 1 peut se faire uniquement lorsque:<\/p>\n<p>a) Cette communication est obligatoire pour assurer la conformit\u00e9 avec les exigences pr\u00e9vues par la loi et\/ou d&rsquo;autres r\u00e8gles contraignantes;<\/p>\n<p>b) Cette communication est obligatoire pour assurer l&rsquo;\u00e9tablissement correct ou la poursuite de la relation d&rsquo;affaires avec vous\/votre divertissement.<\/p>\n<p>Les donn\u00e9es personnelles recueillies pour la r\u00e9alisation des objectifs \u00e9num\u00e9r\u00e9s ci-dessus peuvent \u00eatre communiqu\u00e9es, pour leur comp\u00e9tence sp\u00e9cifique, \u00e0 des intervenants du secteur public et priv\u00e9, physiques et\/ou morales et ayant des fins commerciales et\/ou les syst\u00e8mes de gestion de l&rsquo;information et\/ou de syst\u00e8mes de paiement, y compris les entit\u00e9s externes qui effectuent des t\u00e2ches sp\u00e9cifiques au nom de notre soci\u00e9t\u00e9.<\/p>\n<p>En particulier, les donn\u00e9es peuvent \u00eatre communiqu\u00e9es \u00e0 la suite des cat\u00e9gories de sujets : r\u00e9seau commercial, les institutions bancaires et les soci\u00e9t\u00e9s sp\u00e9cialis\u00e9es dans la gestion des paiements, des \u00e9tudes juridiques et de consultation, des organes charg\u00e9s de l&rsquo;examen du budget dans notre soci\u00e9t\u00e9, les autorit\u00e9s publiques ou administrations pour la parodie de la loi,, les fournisseurs italiens et affaires \u00e9trang\u00e8res, finances, transport compagnie et des tiers responsables du contr\u00f4le de la qualit\u00e9 de l&rsquo;flux logistique-commercial, ainsi qu&rsquo;\u00e0 d&rsquo;autres entreprises qui font partie de notre groupe.<\/p>\n<p>Les donn\u00e9es peuvent \u00e9galement \u00eatre diffus\u00e9s, mais seulement sous forme agr\u00e9g\u00e9e, anonyme et \u00e0 des fins statistiques.<\/p>\n<h2>Transfert de donn\u00e9es \u00e0 l&rsquo;\u00e9tranger<\/h2>\n<p>Dans la mesure strictement n\u00e9cessaire pour l&rsquo;ex\u00e9cution de la relation contractuelle avec vous dans le cours, SA\/Vos donn\u00e9es personnelles peuvent \u00eatre communiqu\u00e9es \u00e0 des tierces parties (comme les fournisseurs) situ\u00e9 \u00e0 l&rsquo;\u00e9tranger, \u00e0 l&rsquo;int\u00e9rieur ou en dehors de l\u2019Union Europ\u00e9enne toujours en ce qui concerne les r\u00e8gles \u00e9nonc\u00e9es \u00e0 l&rsquo;art. 44 A 50 du R\u00e8glement (UE) 2016\/679.<\/p>\n<h2>Droits de l&rsquo;int\u00e9ress\u00e9<\/h2>\n<p>Au sens des articles 12, 15 et 22 du R\u00e8glement (UE) 2016\/679, Vous\/vous avez le droit d&rsquo;exiger, avec les exigences et dans les limites dudit r\u00e8glement:<\/p>\n<ol>\n<li>Acc\u00e9dez \u00e0 vos renseignements personnels<\/li>\n<li>rectifier les donn\u00e9es personnelles non exactes<\/li>\n<li>supprimer les renseignements personnels<\/li>\n<li>restreindre le traitement des donn\u00e9es \u00e0 caract\u00e8re personnel<\/li>\n<li>recevoir une notification en cas de rectification, de suppression ou de limitation des donn\u00e9es \u00e0 caract\u00e8re personnel<\/li>\n<li>transf\u00e9rabilit\u00e9 des donn\u00e9es \u00e0 caract\u00e8re personnel<\/li>\n<li>opposition au traitement des donn\u00e9es \u00e0 caract\u00e8re personnel<\/li>\n<li>en ce qui concerne les processus d\u00e9cisionnels automatis\u00e9s (y compris le profilage):\n<ol>\n<li>obtenir l&rsquo;intervention humaine du propri\u00e9taire<\/li>\n<li>exprimez votre opinion<\/li>\n<li>contester la d\u00e9cision<\/li>\n<\/ol>\n<\/li>\n<\/ol>\n<h2>Propri\u00e9taire et Responsable<\/h2>\n<p>Pour confirmer que nous voulons, nous aussi, que le titulaire du traitement et le soussign\u00e9 soci\u00e9t\u00e9, en la personne de son repr\u00e9sentant l\u00e9gal par int\u00e9rim, avec si\u00e8ge \u00e0 <strong>Via Don G. Bazzoli, 34 &#8211; 25070 Bione &#8211; BS<\/strong>.<\/p>\n<p>La personne responsable du traitement des donn\u00e9es\/vous inqui\u00e8te, domicili\u00e9 pour cette t\u00e2che dans le si\u00e8ge social de l&rsquo;entreprise, et le directeur des services informatiques peut \u00eatre contact\u00e9 par e-mail: <a href=\"mailto:aignep@legalmail.it\">aignep@legalmail.it<\/a>.<\/p>\n<h2>Comment Google utilise des informations<\/h2>\n<p>Nous aimerions vous informer, aussi, que Ce site utilise technologies d\u00e9velopp\u00e9es par Google pour am\u00e9liorer leur contenu et maintenir leur gratuit\u00e9.\u00a0Plus d&rsquo;informations disponibles sur le link suivant: <a href=\"https:\/\/policies.google.com\/privacy\/partners?hl=fr\" target=\"_blank\" rel=\"noopener\">https:\/\/policies.google.com\/privacy\/partners?hl=fr<\/a><\/p>\n<h2>Consentement au traitement<\/h2>\n<p>Nous aimerions vous informer, finalement, que la disposition de l&rsquo;assentiment de son\/votre pour le traitement des donn\u00e9es \u00e0 caract\u00e8re personnel dans les conditions et pour les finalit\u00e9s d\u00e9crites ci-dessus est optionnelle. Dans le cas de son\/de votre refus de consentement, notre soci\u00e9t\u00e9 ne pourra pas traiter ses\/Vos donn\u00e9es personnelles, mais ne les utilisent qu&rsquo;en conformit\u00e9 avec les obligations pr\u00e9vues par la loi ou par d&rsquo;autres r\u00e8gles et r\u00e8glements existants, avec les cons\u00e9quences possibles d\u00e9crites au point 3 ci-dessus.<\/p>\n<p>Quant \u00e0 vous\/vous savez, le R\u00e8glement (UE) 2016\/679 pr\u00e9voit que le traitement des donn\u00e9es \u00e0 caract\u00e8re personnel est effectu\u00e9 avec le consentement de la personne concern\u00e9e, \u00e0 l&rsquo;exception des cas d&rsquo;exclusion sp\u00e9cifiquement indiqu\u00e9s par la Loi. Pour cette raison, le\/nous vous invitons \u00e0 remplir le formulaire \u00e9lectronique de demande de consentement comme attestation de r\u00e9ception des informations mentionn\u00e9es dans cette lettre d&rsquo;information, ainsi que l&rsquo;expression du consentement au traitement des donn\u00e9es personnelles.<\/p>\n<\/div><\/div><style type=\"text\/css\">.fusion-body .fusion-builder-column-1{width:100% !important;margin-top : 0px;margin-bottom : 20px;}.fusion-builder-column-1 > .fusion-column-wrapper {padding-top : 0px !important;padding-right : 0px !important;margin-right : 1.92%;padding-bottom : 0px !important;padding-left : 0px !important;margin-left : 1.92%;}@media only screen and (max-width:1024px) {.fusion-body .fusion-builder-column-1{width:100% !important;order : 0;}.fusion-builder-column-1 > .fusion-column-wrapper {margin-right : 1.92%;margin-left : 1.92%;}}@media only screen and (max-width:768px) {.fusion-body .fusion-builder-column-1{width:100% !important;order : 0;}.fusion-builder-column-1 > .fusion-column-wrapper {margin-right : 1.92%;margin-left : 1.92%;}}<\/style><\/div><\/div><style type=\"text\/css\">.fusion-body .fusion-flex-container.fusion-builder-row-2{ padding-top : 0px;margin-top : 2%;padding-right : 0px;padding-bottom : 0px;margin-bottom : 0px;padding-left : 0px;}<\/style><\/div><\/p>\n","protected":false},"excerpt":{"rendered":"","protected":false},"author":2,"featured_media":0,"parent":0,"menu_order":0,"comment_status":"closed","ping_status":"closed","template":"100-width.php","meta":{"_expiration-date-status":"","_expiration-date":0,"_expiration-date-type":"","_expiration-date-categories":[],"_expiration-date-options":[]},"yoast_head":"<!-- This site is optimized with the Yoast SEO plugin v19.11 - https:\/\/yoast.com\/wordpress\/plugins\/seo\/ -->\n<title>Privacy policy - Aignep S.p.A.<\/title>\n<meta name=\"robots\" content=\"index, follow, max-snippet:-1, max-image-preview:large, max-video-preview:-1\" \/>\n<link rel=\"canonical\" href=\"https:\/\/www.aignep.com\/fr\/privacy\/\" \/>\n<meta property=\"og:locale\" content=\"fr_FR\" \/>\n<meta property=\"og:type\" content=\"article\" \/>\n<meta property=\"og:title\" content=\"Privacy policy - Aignep S.p.A.\" \/>\n<meta property=\"og:url\" content=\"https:\/\/www.aignep.com\/fr\/privacy\/\" \/>\n<meta property=\"og:site_name\" content=\"Aignep S.p.A.\" \/>\n<meta property=\"article:modified_time\" content=\"2022-12-05T11:10:59+00:00\" \/>\n<meta name=\"twitter:card\" content=\"summary_large_image\" \/>\n<meta name=\"twitter:label1\" content=\"Dur\u00e9e de lecture estim\u00e9e\" \/>\n\t<meta name=\"twitter:data1\" content=\"10 minutes\" \/>\n<script type=\"application\/ld+json\" class=\"yoast-schema-graph\">{\"@context\":\"https:\/\/schema.org\",\"@graph\":[{\"@type\":\"WebPage\",\"@id\":\"https:\/\/www.aignep.com\/fr\/privacy\/\",\"url\":\"https:\/\/www.aignep.com\/fr\/privacy\/\",\"name\":\"Privacy policy - Aignep S.p.A.\",\"isPartOf\":{\"@id\":\"https:\/\/www.aignep.com\/fr\/#website\"},\"datePublished\":\"2022-06-03T13:12:33+00:00\",\"dateModified\":\"2022-12-05T11:10:59+00:00\",\"breadcrumb\":{\"@id\":\"https:\/\/www.aignep.com\/fr\/privacy\/#breadcrumb\"},\"inLanguage\":\"fr-FR\",\"potentialAction\":[{\"@type\":\"ReadAction\",\"target\":[\"https:\/\/www.aignep.com\/fr\/privacy\/\"]}]},{\"@type\":\"BreadcrumbList\",\"@id\":\"https:\/\/www.aignep.com\/fr\/privacy\/#breadcrumb\",\"itemListElement\":[{\"@type\":\"ListItem\",\"position\":1,\"name\":\"Home\",\"item\":\"https:\/\/www.aignep.com\/fr\/\"},{\"@type\":\"ListItem\",\"position\":2,\"name\":\"Privacy policy\"}]},{\"@type\":\"WebSite\",\"@id\":\"https:\/\/www.aignep.com\/fr\/#website\",\"url\":\"https:\/\/www.aignep.com\/fr\/\",\"name\":\"Aignep S.p.A.\",\"description\":\"Production de composants pour fluides et air comprim\u00e9\",\"potentialAction\":[{\"@type\":\"SearchAction\",\"target\":{\"@type\":\"EntryPoint\",\"urlTemplate\":\"https:\/\/www.aignep.com\/fr\/?s={search_term_string}\"},\"query-input\":\"required name=search_term_string\"}],\"inLanguage\":\"fr-FR\"}]}<\/script>\n<!-- \/ Yoast SEO plugin. -->","yoast_head_json":{"title":"Privacy policy - Aignep S.p.A.","robots":{"index":"index","follow":"follow","max-snippet":"max-snippet:-1","max-image-preview":"max-image-preview:large","max-video-preview":"max-video-preview:-1"},"canonical":"https:\/\/www.aignep.com\/fr\/privacy\/","og_locale":"fr_FR","og_type":"article","og_title":"Privacy policy - Aignep S.p.A.","og_url":"https:\/\/www.aignep.com\/fr\/privacy\/","og_site_name":"Aignep S.p.A.","article_modified_time":"2022-12-05T11:10:59+00:00","twitter_card":"summary_large_image","twitter_misc":{"Dur\u00e9e de lecture estim\u00e9e":"10 minutes"},"schema":{"@context":"https:\/\/schema.org","@graph":[{"@type":"WebPage","@id":"https:\/\/www.aignep.com\/fr\/privacy\/","url":"https:\/\/www.aignep.com\/fr\/privacy\/","name":"Privacy policy - Aignep S.p.A.","isPartOf":{"@id":"https:\/\/www.aignep.com\/fr\/#website"},"datePublished":"2022-06-03T13:12:33+00:00","dateModified":"2022-12-05T11:10:59+00:00","breadcrumb":{"@id":"https:\/\/www.aignep.com\/fr\/privacy\/#breadcrumb"},"inLanguage":"fr-FR","potentialAction":[{"@type":"ReadAction","target":["https:\/\/www.aignep.com\/fr\/privacy\/"]}]},{"@type":"BreadcrumbList","@id":"https:\/\/www.aignep.com\/fr\/privacy\/#breadcrumb","itemListElement":[{"@type":"ListItem","position":1,"name":"Home","item":"https:\/\/www.aignep.com\/fr\/"},{"@type":"ListItem","position":2,"name":"Privacy policy"}]},{"@type":"WebSite","@id":"https:\/\/www.aignep.com\/fr\/#website","url":"https:\/\/www.aignep.com\/fr\/","name":"Aignep S.p.A.","description":"Production de composants pour fluides et air comprim\u00e9","potentialAction":[{"@type":"SearchAction","target":{"@type":"EntryPoint","urlTemplate":"https:\/\/www.aignep.com\/fr\/?s={search_term_string}"},"query-input":"required name=search_term_string"}],"inLanguage":"fr-FR"}]}},"_links":{"self":[{"href":"https:\/\/www.aignep.com\/fr\/wp-json\/wp\/v2\/pages\/4366"}],"collection":[{"href":"https:\/\/www.aignep.com\/fr\/wp-json\/wp\/v2\/pages"}],"about":[{"href":"https:\/\/www.aignep.com\/fr\/wp-json\/wp\/v2\/types\/page"}],"author":[{"embeddable":true,"href":"https:\/\/www.aignep.com\/fr\/wp-json\/wp\/v2\/users\/2"}],"replies":[{"embeddable":true,"href":"https:\/\/www.aignep.com\/fr\/wp-json\/wp\/v2\/comments?post=4366"}],"version-history":[{"count":3,"href":"https:\/\/www.aignep.com\/fr\/wp-json\/wp\/v2\/pages\/4366\/revisions"}],"predecessor-version":[{"id":9522,"href":"https:\/\/www.aignep.com\/fr\/wp-json\/wp\/v2\/pages\/4366\/revisions\/9522"}],"wp:attachment":[{"href":"https:\/\/www.aignep.com\/fr\/wp-json\/wp\/v2\/media?parent=4366"}],"curies":[{"name":"wp","href":"https:\/\/api.w.org\/{rel}","templated":true}]}}