{"id":4368,"date":"2022-06-03T15:12:33","date_gmt":"2022-06-03T13:12:33","guid":{"rendered":"https:\/\/aignep.kinsta.cloud\/?page_id=4368"},"modified":"2022-11-09T12:29:13","modified_gmt":"2022-11-09T11:29:13","slug":"privacy","status":"publish","type":"page","link":"https:\/\/www.aignep.com\/pt-br\/privacy\/","title":{"rendered":"Privacy policy"},"content":{"rendered":"<p><div class=\"fusion-fullwidth fullwidth-box fusion-builder-row-1 fusion-flex-container nonhundred-percent-fullwidth non-hundred-percent-height-scrolling\" style=\"background-color: #f9f9f9;background-position: center center;background-repeat: no-repeat;border-width: 0px 0px 0px 0px;border-color:var(--awb-color3);border-style:solid;\" ><div class=\"fusion-builder-row fusion-row fusion-flex-align-items-flex-start fusion-flex-justify-content-center\" style=\"max-width:1393.6px;margin-left: calc(-4% \/ 2 );margin-right: calc(-4% \/ 2 );\"><div class=\"fusion-layout-column fusion_builder_column fusion-builder-column-0 fusion_builder_column_3_5 3_5 fusion-flex-column\"><div class=\"fusion-column-wrapper fusion-flex-justify-content-center fusion-content-layout-column\" style=\"background-position:left top;background-repeat:no-repeat;-webkit-background-size:cover;-moz-background-size:cover;-o-background-size:cover;background-size:cover;padding: 0px 0px 0px 0px;\"><style type=\"text\/css\">@media only screen and (max-width:1024px) {.fusion-title.fusion-title-1{margin-top:0px!important; margin-right:0px!important;margin-bottom:0px!important;margin-left:0px!important;}}@media only screen and (max-width:768px) {.fusion-title.fusion-title-1{margin-top:10px!important; margin-right:0px!important;margin-bottom:10px!important; margin-left:0px!important;}}<\/style><div class=\"fusion-title title fusion-title-1 fusion-sep-none fusion-title-center fusion-title-text fusion-title-size-one h1interne\" style=\"font-size:35px;margin-top:0px;margin-right:0px;margin-bottom:0px;margin-left:0px;\"><h1 class=\"title-heading-center fusion-responsive-typography-calculated\" style=\"margin:0;font-size:1em;text-transform:capitalize;--fontSize:35;line-height:var(--awb-typography1-line-height);\">PRIVACY POLICY<\/h1><\/div><\/div><style type=\"text\/css\">.fusion-body .fusion-builder-column-0{width:60% !important;margin-top : 0px;margin-bottom : 0px;}.fusion-builder-column-0 > .fusion-column-wrapper {padding-top : 0px !important;padding-right : 0px !important;margin-right : 3.2%;padding-bottom : 0px !important;padding-left : 0px !important;margin-left : 3.2%;}@media only screen and (max-width:1024px) {.fusion-body .fusion-builder-column-0{width:60% !important;order : 0;}.fusion-builder-column-0 > .fusion-column-wrapper {margin-right : 3.2%;margin-left : 3.2%;}}@media only screen and (max-width:768px) {.fusion-body .fusion-builder-column-0{width:100% !important;order : 0;}.fusion-builder-column-0 > .fusion-column-wrapper {margin-right : 1.92%;margin-left : 1.92%;}}<\/style><\/div><\/div><style type=\"text\/css\">.fusion-body .fusion-flex-container.fusion-builder-row-1{ padding-top : 3%;margin-top : 0px;padding-right : 0px;padding-bottom : 3%;margin-bottom : 0px;padding-left : 0px;}<\/style><\/div><div class=\"fusion-fullwidth fullwidth-box fusion-builder-row-2 fusion-flex-container nonhundred-percent-fullwidth non-hundred-percent-height-scrolling\" style=\"background-color: var(--awb-color1);background-position: center center;background-repeat: no-repeat;border-width: 0px 0px 0px 0px;border-color:var(--awb-color3);border-style:solid;\" ><div class=\"fusion-builder-row fusion-row fusion-flex-align-items-flex-start fusion-flex-justify-content-center\" style=\"max-width:1393.6px;margin-left: calc(-4% \/ 2 );margin-right: calc(-4% \/ 2 );\"><div class=\"fusion-layout-column fusion_builder_column fusion-builder-column-1 fusion_builder_column_1_1 1_1 fusion-flex-column fusion-flex-align-self-center\"><div class=\"fusion-column-wrapper fusion-flex-justify-content-center fusion-content-layout-column\" style=\"background-position:left top;background-repeat:no-repeat;-webkit-background-size:cover;-moz-background-size:cover;-o-background-size:cover;background-size:cover;padding: 0px 0px 0px 0px;\"><div class=\"fusion-text fusion-text-1\" style=\"text-transform:none;\"><p>Informa\u00e7\u00e3o e solicita\u00e7\u00e3o de consenso para o tratamento dos dados pessoais nos termos do artigo 6.1A do Regulamento (UE) 2016\/679<\/p>\n<p>Em cumprimento \u00e0s obriga\u00e7\u00f5es previstas pelo Regulamento (UE) 2016\/679 em mat\u00e9ria de tratamento dos dados pessoais ( C\u00f3digo Privacidade), em vigor por 25 de maio de 2018, com a presente entendemos\u00a0 lhes\u00a0 informar,\u00a0 que a sociedade <strong>AIGNEP S.p.A.<\/strong> com endere\u00e7o <strong>Via Don G. Bazzoli, 34 &#8211; 25070 Bione &#8211; BS<\/strong> (em seguida a \u201cSociedade\u201d), submeter\u00e1 o tratamento dos dados pessoais que lhes interessam e que foram ou vir\u00e3o comunicados de suas\u00a0 partes\u00a0 ou de outros. O tratamento dos dados pessoais ser\u00e3o efetuados no respeito \u00e0s\u00a0 normas em vigor e \u00e0s seguintes condi\u00e7\u00f5es<\/p>\n<h2>Finalidade do tratamento<\/h2>\n<p>O tratamento dos dados pessoais \u00e9 dirigido exclusivamente, para atingir as seguintes finalidades:<\/p>\n<p>a) por exig\u00eancia preliminar na conclus\u00e3o dos contratos de venda, para dar execu\u00e7\u00e3o aos mesmos e para tutelar a posi\u00e7\u00e3o dos credores e dos seus derivantes;<\/p>\n<p>b) para cumprir qualquer tipo de obriga\u00e7\u00e3o prevista pela Lei ou regulamentos, em particolar, em materia fiscal;<\/p>\n<p>c) por exig\u00e3ncia do tipo operativo de gestao e de contabilidade;<\/p>\n<p>d) pelo registro dos acessos ao site web da Sociedade e pela utiliza\u00e7\u00e3o dos servi\u00e7os prestados com o site;<\/p>\n<p>e) por exig\u00eancia de monitora\u00e7\u00e3o do andamento das rela\u00e7\u00f5es com os clientes, dos riscos associados e para melhorar tais rela\u00e7\u00f5es;<\/p>\n<p>f) por finalidades comerciais e de marketing estrat\u00e9gico e operativo.<\/p>\n<h2>Modalidade de tratamento<\/h2>\n<p>O tratamento dos dados pode consistir, bem como na sua recolha, no seu registo, organiza\u00e7\u00e3o, estrutura\u00e7\u00e3o, preserva\u00e7\u00e3o, adapta\u00e7\u00e3o, modifica\u00e7\u00e3o, extrac\u00e7\u00e3o, consulta, utiliza\u00e7\u00e3o, comunica\u00e7\u00e3o por transmiss\u00e3o, difus\u00e3o ou Qualquer outra forma de disponibiliza\u00e7\u00e3o, compara\u00e7\u00e3o ou interliga\u00e7\u00e3o, limita\u00e7\u00e3o, supress\u00e3o ou destrui\u00e7\u00e3o E ser\u00e1 realizado tanto com o uso de suporte em papel como com a ajuda de ferramentas eletr\u00f4nicas e telem\u00e1ticas, de acordo com as modalidades e com ferramentas adequadas para garantir a seguran\u00e7a e a confidencialidade dos dados, de acordo com as disposi\u00e7\u00f5es do artigos 32. e seguintes do Regulamento (UE) 2016\/679, relativos \u00e0 &#8220;seguran\u00e7a dos dados pessoais&#8221;.<\/p>\n<p>Em particolar, ser\u00e3o adotadas todas as medidas de seguran\u00e7a t\u00e9cnica, inform\u00e1tica, organizativa, log\u00edstica e de seguran\u00e7a processual adequado ao n\u00edvel de risco, dependendo da natureza dos dados.<\/p>\n<p>Al\u00e9m disso, o m\u00e9todo aplicado ,garante que o acesso aos dados , seja consentido somente as pessoas encarregadas do tratamento da parte da nossa Sociedade.<\/p>\n<h2>Atribui\u00e7\u00e3o dos dados<\/h2>\n<p>A atribui\u00e7\u00e3o dos dados \u00e8:<\/p>\n<p>a) Obrigat\u00f3ria para alcan\u00e7ar os fins relacionados as obriga\u00e7\u00f5es previstas pela lei ou de outros regulamentos vinculativos;<\/p>\n<p>b) Necess\u00e1ria para a correta instaura\u00e7\u00e3o e acusa\u00e7\u00e3o do relacionamento estabelecido.<\/p>\n<p>Recusar de fornecer os dados acima, embora leg\u00edtimo, poder\u00e1 comprometer o regular desenvolvimento de\u00a0 relacionamento com a nossa Sociedade , em particolar, poder\u00e1 impossibilitar de dar excecu\u00e7\u00e3o\u00a0 aos seus pedidos,e de efetuar\u00a0 a\u00a0 presta\u00e7\u00e3o dos servi\u00e7os solicitados\u00a0 e\u00a0 relativo faturamento.<\/p>\n<h2>Comunica\u00e7\u00e3o e difus\u00e3o dos dados<\/h2>\n<p>A comunica\u00e7\u00e3o externa dos dados pessoais , recolhidos com a finalidade referida ao ponto 1 poder\u00e1 ser utilizada onde:<\/p>\n<p>a) tal comunica\u00e7\u00e3o seja obrigat\u00f3ria, para garantir o cumprimento da pr\u00e1tica, prevista pela lei ou por outras regras vinculativas;<\/p>\n<p>b) tal comunica\u00e7\u00e3o seja obrigat\u00f3ria, para garantir a correta instaura\u00e7\u00e3o e prossecu\u00e7\u00e3o de rela\u00e7\u00f5es comerciais, alcan\u00e7adas com voc\u00eas.<\/p>\n<p>Os dados\u00a0 pessoais\u00a0 recolhidos para a realiza\u00e7\u00e3o dos objetivos ,acima indicados,\u00a0 poder\u00e3o ser comunicados , quanto a sua espec\u00edfica necessidade, a sujeitos\u00a0 p\u03cdblicos e privados , pessoas fisicas e\/ou juridicas e criada para os fins comerciais e\/ou de sistemas de gest\u00f5es informativas e\/ou de sistemas de pagamento,incluindo sujeitos externos,\u00a0 que executam cargos espec\u00edficos, por conta da nossa Sociedade.<\/p>\n<p>Em particolar ,os dados poder\u00e3o ser comunicados\u00a0 \u00e0s seguintes categorias de sujeitos:\u00a0 redes comerciais, institutos banc\u00e1rios e sociedades especializadas na gest\u00e3o de pagamentos,\u00a0 escrit\u00f3rio de advocacia e de conselhos , sujeitos encarregados na revis\u00e3o do balan\u00e7o da nossa Sociedade, autoridade p\u03cdblica ou administrativa,\u00a0\u00a0 para o cumprimento da lei, fornecedores italianos ou estrangeiros,sociedade de finanziamento e de transporte, outros encarregados do controle da qualidade do fluxo log\u00edstico comercial, bem como a outras sociedades que fazem parte do nosso Grupo.<\/p>\n<p>Os dados poder\u00e3o ser divulgados somente em forma agregada, an\u00f4nima e para finalidades de estat\u00edstica.<\/p>\n<h2>Transferimento dos dados no exterior<\/h2>\n<p>Nos limites necess\u00e1rios \u00e0 execus\u00e3o decorrente da rela\u00e7\u00e3o contratual com voc\u00eas , os vossos dados pessoais poder\u00e3o ser comunicados a terceiros ( os quais fornecedores) situados no exterior, dentro ou fora\u00a0 da Uniao Europ\u00e9ia sempre com respeito \u00e0s regras contidas na artigos. 44 a 50 do Regulamento (UE) 2016\/679.<\/p>\n<h2>Direitos do interessado<\/h2>\n<p>Nos termos dos artigos 12, 15 e 22 do Regulamento (UE) 2016\/679, Voc\u00ea tem o direito de exigir, com os requisitos e dentro dos limites do referido regulamento:<\/p>\n<ol>\n<li>Aceda \u00e0s suas informa\u00e7\u00f5es pessoais<\/li>\n<li>Retificar os dados pessoais n\u00e3o-exatos<\/li>\n<li>Excluir informa\u00e7\u00f5es pessoais<\/li>\n<li>Restringir o tratamento de dados pessoais<\/li>\n<li>Receber notifica\u00e7\u00e3o em caso de rectifica\u00e7\u00e3o, supress\u00e3o ou limita\u00e7\u00e3o de dados pessoais<\/li>\n<li>Portabilidade dos dados pessoais<\/li>\n<li>Oposi\u00e7\u00e3o ao tratamento de dados pessoais<\/li>\n<li>No que respeita aos processos de tomada de decis\u00f5es automatizados (incluindo a cria\u00e7\u00e3o de perfil):<br \/>\na) obter interven\u00e7\u00e3o humana do propriet\u00e1rio<br \/>\nb) expresse sua opini\u00e3o<br \/>\nc) desafiar a decis\u00e3o<\/li>\n<\/ol>\n<h2>Titular e Respons\u00e1vel<\/h2>\n<p>Confirmamo-lhes, que\u00a0 o titular do tratamento e a\u00a0 seguinte\u00a0 Sociedade, em seu legal representante\u00a0 , com sede no <strong>Via Don G. Bazzoli, 34 &#8211; 25070 Bione &#8211; BS<\/strong>.<\/p>\n<p>O respons\u00e1vel do tratamento dos dados que lhes\u00a0 relacionam , \u00e9 domiciliado e nomeado na sede da Sociedade,sendo tamb\u00e9m,\u00a0 o respons\u00e1vel dos servi\u00e7os inform\u00e1ticos,\u00a0 podendo ser contatado\u00a0 atrav\u00e9s do e-mail: <a href=\"mailto:aignep@legalmail.it\">aignep@legalmail.it<\/a>.<\/p>\n<h2>Como o Google usa os dados<\/h2>\n<p>Queremos lhes informar, al\u00e9m disso, este site usa tecnologias da Google para melhorar o conte\u00fado e mant\u00ea-lo gratuito.\u00a0Mais informa\u00e7\u00f5es dispon\u00edveis no seguinte link: <a href=\"https:\/\/policies.google.com\/privacy\/partners?hl=it\">https:\/\/policies.google.com\/privacy\/partners?hl=it<\/a><\/p>\n<h2>Consentimento para tratamento<\/h2>\n<p>Queremos lhes informar, por \u03cdltimo, que a disposi\u00e7\u00e3o do consentimento de sua parte, ao tratamento dos seus dados pessoais, com as modalidades e para as finalidades acima ilustradas \u00e9 facultativa.\u00a0 No caso de sua nega\u00e7\u00e3o ao consentimento, a nossa Sociedade\u00a0 nao poder\u00e1 tratar os seus dados pessoais, mas somente utilizar em cumprimento das obriga\u00e7\u00f5es previstas pela Lei ou por outras regulamenta\u00e7\u00f5es existentes, com as\u00a0 poss\u00edveis consequ\u00eancias\u00a0 descritas no ponto 3 que precede.<\/p>\n<p>Quanto a voc\u00ea\/voc\u00ea sabe, o Regulamento (UE) 2016\/679 prev\u00ea que o tratamento de dados pessoais seja efectuado com o consentimento do interessado, com excep\u00e7\u00e3o dos casos de exclus\u00e3o especificamente indicados pela lei. Por esta raz\u00e3o, o\/n\u00f3s convidamos voc\u00ea a preencher a forma eletr\u00f4nica de pedido de consentimento como atestado de recebimento das informa\u00e7\u00f5es referidas nesta carta informativa, bem como a express\u00e3o de consentimento para o processamento dos dados pessoais.<\/p>\n<\/div><\/div><style type=\"text\/css\">.fusion-body .fusion-builder-column-1{width:100% !important;margin-top : 0px;margin-bottom : 20px;}.fusion-builder-column-1 > .fusion-column-wrapper {padding-top : 0px !important;padding-right : 0px !important;margin-right : 1.92%;padding-bottom : 0px !important;padding-left : 0px !important;margin-left : 1.92%;}@media only screen and (max-width:1024px) {.fusion-body .fusion-builder-column-1{width:100% !important;order : 0;}.fusion-builder-column-1 > .fusion-column-wrapper {margin-right : 1.92%;margin-left : 1.92%;}}@media only screen and (max-width:768px) {.fusion-body .fusion-builder-column-1{width:100% !important;order : 0;}.fusion-builder-column-1 > .fusion-column-wrapper {margin-right : 1.92%;margin-left : 1.92%;}}<\/style><\/div><\/div><style type=\"text\/css\">.fusion-body .fusion-flex-container.fusion-builder-row-2{ padding-top : 0px;margin-top : 2%;padding-right : 0px;padding-bottom : 0px;margin-bottom : 0px;padding-left : 0px;}<\/style><\/div><\/p>\n","protected":false},"excerpt":{"rendered":"","protected":false},"author":2,"featured_media":0,"parent":0,"menu_order":0,"comment_status":"closed","ping_status":"closed","template":"100-width.php","meta":{"_expiration-date-status":"","_expiration-date":0,"_expiration-date-type":"","_expiration-date-categories":[],"_expiration-date-options":[]},"yoast_head":"<!-- This site is optimized with the Yoast SEO plugin v19.11 - https:\/\/yoast.com\/wordpress\/plugins\/seo\/ -->\n<title>Privacy policy - Aignep S.p.A.<\/title>\n<meta name=\"robots\" content=\"index, follow, max-snippet:-1, max-image-preview:large, max-video-preview:-1\" \/>\n<link rel=\"canonical\" href=\"https:\/\/www.aignep.com\/pt-br\/privacy\/\" \/>\n<meta property=\"og:locale\" content=\"pt_BR\" \/>\n<meta property=\"og:type\" content=\"article\" \/>\n<meta property=\"og:title\" content=\"Privacy policy - Aignep S.p.A.\" \/>\n<meta property=\"og:url\" content=\"https:\/\/www.aignep.com\/pt-br\/privacy\/\" \/>\n<meta property=\"og:site_name\" content=\"Aignep S.p.A.\" \/>\n<meta property=\"article:modified_time\" content=\"2022-11-09T11:29:13+00:00\" \/>\n<meta name=\"twitter:card\" content=\"summary_large_image\" \/>\n<meta name=\"twitter:label1\" content=\"Est. tempo de leitura\" \/>\n\t<meta name=\"twitter:data1\" content=\"9 minutos\" \/>\n<script type=\"application\/ld+json\" class=\"yoast-schema-graph\">{\"@context\":\"https:\/\/schema.org\",\"@graph\":[{\"@type\":\"WebPage\",\"@id\":\"https:\/\/www.aignep.com\/pt-br\/privacy\/\",\"url\":\"https:\/\/www.aignep.com\/pt-br\/privacy\/\",\"name\":\"Privacy policy - Aignep S.p.A.\",\"isPartOf\":{\"@id\":\"https:\/\/www.aignep.com\/pt-br\/#website\"},\"datePublished\":\"2022-06-03T13:12:33+00:00\",\"dateModified\":\"2022-11-09T11:29:13+00:00\",\"breadcrumb\":{\"@id\":\"https:\/\/www.aignep.com\/pt-br\/privacy\/#breadcrumb\"},\"inLanguage\":\"pt-BR\",\"potentialAction\":[{\"@type\":\"ReadAction\",\"target\":[\"https:\/\/www.aignep.com\/pt-br\/privacy\/\"]}]},{\"@type\":\"BreadcrumbList\",\"@id\":\"https:\/\/www.aignep.com\/pt-br\/privacy\/#breadcrumb\",\"itemListElement\":[{\"@type\":\"ListItem\",\"position\":1,\"name\":\"Home\",\"item\":\"https:\/\/www.aignep.com\/pt-br\/\"},{\"@type\":\"ListItem\",\"position\":2,\"name\":\"Privacy policy\"}]},{\"@type\":\"WebSite\",\"@id\":\"https:\/\/www.aignep.com\/pt-br\/#website\",\"url\":\"https:\/\/www.aignep.com\/pt-br\/\",\"name\":\"Aignep S.p.A.\",\"description\":\"\u041f\u0440\u043e\u0438\u0437\u0432\u043e\u0434\u0441\u0442\u0432\u043e \u043a\u043e\u043c\u043f\u043e\u043d\u0435\u043d\u0442\u043e\u0432 \u0434\u043b\u044f \u0436\u0438\u0434\u043a\u043e\u0441\u0442\u0435\u0439 \u0438 \u0441\u0436\u0430\u0442\u043e\u0433\u043e \u0432\u043e\u0437\u0434\u0443\u0445\u0430\",\"potentialAction\":[{\"@type\":\"SearchAction\",\"target\":{\"@type\":\"EntryPoint\",\"urlTemplate\":\"https:\/\/www.aignep.com\/pt-br\/?s={search_term_string}\"},\"query-input\":\"required name=search_term_string\"}],\"inLanguage\":\"pt-BR\"}]}<\/script>\n<!-- \/ Yoast SEO plugin. -->","yoast_head_json":{"title":"Privacy policy - Aignep S.p.A.","robots":{"index":"index","follow":"follow","max-snippet":"max-snippet:-1","max-image-preview":"max-image-preview:large","max-video-preview":"max-video-preview:-1"},"canonical":"https:\/\/www.aignep.com\/pt-br\/privacy\/","og_locale":"pt_BR","og_type":"article","og_title":"Privacy policy - Aignep S.p.A.","og_url":"https:\/\/www.aignep.com\/pt-br\/privacy\/","og_site_name":"Aignep S.p.A.","article_modified_time":"2022-11-09T11:29:13+00:00","twitter_card":"summary_large_image","twitter_misc":{"Est. tempo de leitura":"9 minutos"},"schema":{"@context":"https:\/\/schema.org","@graph":[{"@type":"WebPage","@id":"https:\/\/www.aignep.com\/pt-br\/privacy\/","url":"https:\/\/www.aignep.com\/pt-br\/privacy\/","name":"Privacy policy - Aignep S.p.A.","isPartOf":{"@id":"https:\/\/www.aignep.com\/pt-br\/#website"},"datePublished":"2022-06-03T13:12:33+00:00","dateModified":"2022-11-09T11:29:13+00:00","breadcrumb":{"@id":"https:\/\/www.aignep.com\/pt-br\/privacy\/#breadcrumb"},"inLanguage":"pt-BR","potentialAction":[{"@type":"ReadAction","target":["https:\/\/www.aignep.com\/pt-br\/privacy\/"]}]},{"@type":"BreadcrumbList","@id":"https:\/\/www.aignep.com\/pt-br\/privacy\/#breadcrumb","itemListElement":[{"@type":"ListItem","position":1,"name":"Home","item":"https:\/\/www.aignep.com\/pt-br\/"},{"@type":"ListItem","position":2,"name":"Privacy policy"}]},{"@type":"WebSite","@id":"https:\/\/www.aignep.com\/pt-br\/#website","url":"https:\/\/www.aignep.com\/pt-br\/","name":"Aignep S.p.A.","description":"\u041f\u0440\u043e\u0438\u0437\u0432\u043e\u0434\u0441\u0442\u0432\u043e \u043a\u043e\u043c\u043f\u043e\u043d\u0435\u043d\u0442\u043e\u0432 \u0434\u043b\u044f \u0436\u0438\u0434\u043a\u043e\u0441\u0442\u0435\u0439 \u0438 \u0441\u0436\u0430\u0442\u043e\u0433\u043e \u0432\u043e\u0437\u0434\u0443\u0445\u0430","potentialAction":[{"@type":"SearchAction","target":{"@type":"EntryPoint","urlTemplate":"https:\/\/www.aignep.com\/pt-br\/?s={search_term_string}"},"query-input":"required name=search_term_string"}],"inLanguage":"pt-BR"}]}},"_links":{"self":[{"href":"https:\/\/www.aignep.com\/pt-br\/wp-json\/wp\/v2\/pages\/4368"}],"collection":[{"href":"https:\/\/www.aignep.com\/pt-br\/wp-json\/wp\/v2\/pages"}],"about":[{"href":"https:\/\/www.aignep.com\/pt-br\/wp-json\/wp\/v2\/types\/page"}],"author":[{"embeddable":true,"href":"https:\/\/www.aignep.com\/pt-br\/wp-json\/wp\/v2\/users\/2"}],"replies":[{"embeddable":true,"href":"https:\/\/www.aignep.com\/pt-br\/wp-json\/wp\/v2\/comments?post=4368"}],"version-history":[{"count":3,"href":"https:\/\/www.aignep.com\/pt-br\/wp-json\/wp\/v2\/pages\/4368\/revisions"}],"predecessor-version":[{"id":7303,"href":"https:\/\/www.aignep.com\/pt-br\/wp-json\/wp\/v2\/pages\/4368\/revisions\/7303"}],"wp:attachment":[{"href":"https:\/\/www.aignep.com\/pt-br\/wp-json\/wp\/v2\/media?parent=4368"}],"curies":[{"name":"wp","href":"https:\/\/api.w.org\/{rel}","templated":true}]}}